{"id":3704,"date":"2021-04-13T09:43:31","date_gmt":"2021-04-13T07:43:31","guid":{"rendered":"https:\/\/www.klassik-altstadt-hotel.de\/bedbike-bicycle-hotel-in-luebeck\/"},"modified":"2026-01-09T13:06:26","modified_gmt":"2026-01-09T12:06:26","slug":"bedbike-bicycle-hotel-in-luebeck","status":"publish","type":"page","link":"https:\/\/www.klassik-altstadt-hotel.de\/en\/bedbike-bicycle-hotel-in-luebeck\/","title":{"rendered":"bed+bike bicycle hotel in L\u00fcbeck"},"content":{"rendered":"<p>[et_pb_section fb_built=&#8221;1&#8243; fullwidth=&#8221;on&#8221; _builder_version=&#8221;4.16&#8243; _module_preset=&#8221;default&#8221; global_colors_info=&#8221;{}&#8221;][et_pb_fullwidth_header title=&#8221;@ET-DC@eyJkeW5hbWljIjp0cnVlLCJjb250ZW50IjoicG9zdF90aXRsZSIsInNldHRpbmdzIjp7ImJlZm9yZSI6IiIsImFmdGVyIjoiIiwiZW5hYmxlX2h0bWwiOiJvZmYifX0=@&#8221; background_overlay_color=&#8221;RGBA(255,255,255,0)&#8221; _builder_version=&#8221;4.17.4&#8243; _dynamic_attributes=&#8221;title&#8221; _module_preset=&#8221;default&#8221; title_font=&#8221;||||||||&#8221; title_text_align=&#8221;center&#8221; title_font_size=&#8221;45px&#8221; background_image=&#8221;https:\/\/www.klassik-altstadt-hotel.de\/wp-content\/uploads\/2020\/07\/612819_num1204159.jpg&#8221; height=&#8221;400px&#8221; custom_padding=&#8221;150px||||false|false&#8221; title_text_shadow_style=&#8221;preset1&#8243; global_colors_info=&#8221;{}&#8221;][\/et_pb_fullwidth_header][\/et_pb_section][et_pb_section fb_built=&#8221;1&#8243; _builder_version=&#8221;4.16&#8243; _module_preset=&#8221;default&#8221; global_colors_info=&#8221;{}&#8221;][et_pb_row column_structure=&#8221;1_2,1_2&#8243; _builder_version=&#8221;4.16&#8243; _module_preset=&#8221;default&#8221; global_colors_info=&#8221;{}&#8221;][et_pb_column type=&#8221;1_2&#8243; _builder_version=&#8221;4.16&#8243; _module_preset=&#8221;default&#8221; global_colors_info=&#8221;{}&#8221;][et_pb_text _builder_version=&#8221;4.27.4&#8243; _module_preset=&#8221;default&#8221; global_colors_info=&#8221;{}&#8221;]<\/p>\n<h2 class=\"p1\">Mit dem Rad nach L\u00fcbeck<\/h2>\n<p>Are you planning a stay in L\u00fcbeck on your bike tour or would you like to take your bike with you on your next holiday in L\u00fcbeck and are therefore looking for a bike-friendly hotel on L\u00fcbeck&#8217;s old town island? Dann sind Sie im Klassik Altstadt Hotel genau richtig.<\/p>\n<p>We are perfectly equipped to meet the needs of cyclists. Whether you are traveling alone, with the whole family, or as a group. Your bike is stored safely and dry in our bike room, which also has a charging facility for e-bikes and an air pump. F\u00fcr die anstehende Radtour nach einer angenehmen Nacht in unserem historischen Hause machen wir Ihnen gerne ein Lunchpaket fertig.<br \/>Ideal f\u00fcr Gruppen, wir verf\u00fcgen \u00fcber eine relativ gro\u00dfe Anzahl an <a href=\"https:\/\/www.klassik-altstadt-hotel.de\/en\/rooms\/single-room\/\">Einzelzimmern<\/a>.<\/p>\n<p>Our hotel is located directly on the &#8220;Alte Salzstra\u00dfe&#8221; long-distance cycle path. The well-known Baltic Sea Coast Cycle Route (D-Route 2) is also a few kilometers away. Nach der Tour k\u00f6nnen Sie fu\u00dfl\u00e4ufig die L\u00fcbecker Altstadt erkunden.<\/p>\n<p>In addition, as a literary hotel, we can recommend the \u201cTour de Grass\u201d to you. Ausgangspunkt dieses Radwanderweges ist unser Hotel. Mehr Infos zur Tour finden Sie <a href=\"https:\/\/www.klassik-altstadt-hotel.de\/mit-dem-fahrrad-auf-den-spuren-von-guenter-grass\/\">hier<\/a>.<\/p>\n<p><strong>Unsere Leistungen f\u00fcr Reisende mit Fahrrad oder E-Bike:<\/strong><\/p>\n<ul>\n<li>sicherer und trockener Fahrradkeller mit Ladem\u00f6glichkeit (Zugang nur w\u00e4hrend der Rezeptionszeiten von 7 Uhr bis 19 Uhr m\u00f6glich)<\/li>\n<li>Auf Anfrage: Lunchpaket f\u00fcr die n\u00e4chste Radtour<\/li>\n<li>Reichhaltiges, frisches Fr\u00fchst\u00fcck f\u00fcr einen kraftvollen Start<\/li>\n<li>gute Lage f\u00fcr kurze und lange Radtouren<\/li>\n<li>mehrere Fahrradwerkst\u00e4tten in direkter Umgebung (\u201eAt Fahrr\u00e4der\u201c und \u201eLaufrad L\u00fcbeck\u201c in der Beckergrube sowie \u201eR\u00e4derwerk\u201c An der Untertrave)<\/li>\n<li>Einzel-, Doppelzimmer und eine gro\u00dfz\u00fcgige Suite stehen zur Auswahl<\/li>\n<\/ul>\n<p>Wir freuen uns auf Ihre Anfrage und Kommen. Bitte melden Sie Fahrr\u00e4der schon bei der Reservierung mit an.<\/p>\n<p>[\/et_pb_text][et_pb_button button_url=&#8221;@ET-DC@eyJkeW5hbWljIjp0cnVlLCJjb250ZW50IjoicG9zdF9saW5rX3VybF9wYWdlIiwic2V0dGluZ3MiOnsicG9zdF9pZCI6IjQ3IiwiZW5hYmxlX2h0bWwiOiJvZmYifX0=@&#8221; button_text=&#8221;Book rooms directly online&#8221; button_alignment=&#8221;center&#8221; _builder_version=&#8221;4.27.4&#8243; _dynamic_attributes=&#8221;button_url&#8221; _module_preset=&#8221;default&#8221; custom_button=&#8221;on&#8221; button_text_color=&#8221;#A4814C&#8221; button_icon=&#8221;&#xf84a;||fa||900&#8243; button_on_hover=&#8221;off&#8221; global_colors_info=&#8221;{}&#8221;][\/et_pb_button][\/et_pb_column][et_pb_column type=&#8221;1_2&#8243; _builder_version=&#8221;4.16&#8243; _module_preset=&#8221;default&#8221; global_colors_info=&#8221;{}&#8221;][et_pb_image src=&#8221;https:\/\/www.klassik-altstadt-hotel.de\/wp-content\/uploads\/2021\/04\/fahrradhotel-in-luebeck-e1618322582643.jpeg&#8221; alt=&#8221;Discover L\u00fcbeck by bike&#8221; title_text=&#8221;Typical old brick gothic buildings in Germany, Lubeck.&#8221; _builder_version=&#8221;4.16&#8243; _module_preset=&#8221;default&#8221; global_colors_info=&#8221;{}&#8221;][\/et_pb_image][et_pb_cta title=&#8221;Make a reservation now&#8221; button_url=&#8221;tel:+49451702980&#8243; button_text=&#8221;+49 451 70 29 80&#8243; _builder_version=&#8221;4.27.4&#8243; _module_preset=&#8221;default&#8221; header_text_color=&#8221;#0C0C0C&#8221; background_color=&#8221;rgba(164,129,76,0.1)&#8221; custom_button=&#8221;on&#8221; button_text_color=&#8221;#A4814C&#8221; global_colors_info=&#8221;{}&#8221;][\/et_pb_cta][et_pb_text _builder_version=&#8221;4.27.4&#8243; _module_preset=&#8221;default&#8221; global_colors_info=&#8221;{}&#8221;]<\/p>\n<h2>Wir sind Bett &amp; Bike zertifiziert und radfahrerfreundlich.<\/h2>\n<p>[\/et_pb_text][et_pb_image src=&#8221;https:\/\/www.klassik-altstadt-hotel.de\/wp-content\/uploads\/2021\/04\/BettBike_Logo_farbig_4c_negativ.jpg&#8221; title_text=&#8221;Bett+Bike_Logo_farbig_(4c)_negativ&#8221; align=&#8221;center&#8221; _builder_version=&#8221;4.16&#8243; _module_preset=&#8221;default&#8221; global_colors_info=&#8221;{}&#8221;][\/et_pb_image][\/et_pb_column][\/et_pb_row][\/et_pb_section][et_pb_section fb_built=&#8221;1&#8243; _builder_version=&#8221;4.16&#8243; _module_preset=&#8221;default&#8221; background_color=&#8221;rgba(164,129,76,0.1)&#8221; global_colors_info=&#8221;{}&#8221;][et_pb_row column_structure=&#8221;2_5,3_5&#8243; _builder_version=&#8221;4.16&#8243; _module_preset=&#8221;default&#8221; global_colors_info=&#8221;{}&#8221;][et_pb_column type=&#8221;2_5&#8243; _builder_version=&#8221;4.16&#8243; _module_preset=&#8221;default&#8221; global_colors_info=&#8221;{}&#8221;][et_pb_image src=&#8221;https:\/\/www.klassik-altstadt-hotel.de\/wp-content\/uploads\/2017\/05\/suite-04.jpg&#8221; title_text=&#8221;suite-04&#8243; _builder_version=&#8221;4.16&#8243; _module_preset=&#8221;default&#8221; global_colors_info=&#8221;{}&#8221;][\/et_pb_image][\/et_pb_column][et_pb_column type=&#8221;3_5&#8243; _builder_version=&#8221;4.16&#8243; _module_preset=&#8221;default&#8221; global_colors_info=&#8221;{}&#8221;][et_pb_text _builder_version=&#8221;4.23.1&#8243; _module_preset=&#8221;default&#8221; global_colors_info=&#8221;{}&#8221;]<\/p>\n<h2>Offer: Grass on Tour<\/h2>\n<ul>\n<li>2 nights in a double or single room<\/li>\n<li>Breakfast from the buffet<\/li>\n<li>Admission to the G\u00fcnter Grass House<\/li>\n<li>Bike tour &#8211; L\u00fcbeck-M\u00f6ln with the &#8220;Tour de Grass&#8221; app from the G\u00fcnter Grass House<\/li>\n<li>203,00 \u20ac per person<\/li>\n<\/ul>\n<p>This offer can be booked by e-mail or telephone. You can find more information about the Tour de Grass <a href=\"https:\/\/grass-haus.de\/tour-de-grass-\" target=\"_blank\" rel=\"noopener\">here<\/a>. We look forward to your inquiry.  <\/p>\n<p><a href=\"https:\/\/www.klassik-altstadt-hotel.de\/mit-dem-fahrrad-auf-den-spuren-von-guenter-grass\/\">Here<\/a> you can read our experience report from the Tour de Grass to M\u00f6lln.<\/p>\n<p>[\/et_pb_text][\/et_pb_column][\/et_pb_row][\/et_pb_section][et_pb_section fb_built=&#8221;1&#8243; _builder_version=&#8221;4.27.4&#8243; _module_preset=&#8221;default&#8221; global_colors_info=&#8221;{}&#8221;][et_pb_row column_structure=&#8221;1_2,1_2&#8243; _builder_version=&#8221;4.27.4&#8243; _module_preset=&#8221;default&#8221; global_colors_info=&#8221;{}&#8221;][et_pb_column type=&#8221;1_2&#8243; _builder_version=&#8221;4.27.4&#8243; _module_preset=&#8221;default&#8221; global_colors_info=&#8221;{}&#8221;][et_pb_text _builder_version=&#8221;4.27.4&#8243; _module_preset=&#8221;default&#8221; global_colors_info=&#8221;{}&#8221;]<\/p>\n<h2 class=\"\">Historische Altstadt und Kulinarik genie\u00dfen<\/h2>\n<p class=\"\">Nach Ihrer Fahrradtour wartet die <strong>historische L\u00fcbecker Altstadt<\/strong> darauf, von Ihnen zu Fu\u00df entdeckt zu werden:<br \/>Verwinkelte G\u00e4nge, kleine Innenh\u00f6fe und jahrhundertealte H\u00e4user erz\u00e4hlen Geschichten aus der Zeit der Hanse.<\/p>\n<p class=\"\">Als wohlverdiente Belohnung nach einem aktiven Tag lockt die <strong>kulinarische Vielfalt<\/strong> L\u00fcbecks: Genie\u00dfen Sie fangfrischen Fisch, regionale Spezialit\u00e4ten und nat\u00fcrlich das ber\u00fchmte L\u00fcbecker Marzipan in traditionellen Caf\u00e9s und modernen Restaurants.<\/p>\n<h2 class=\"\">Starten Sie jetzt Ihre Radtour ab L\u00fcbeck!<\/h2>\n<p class=\"\">Buchen Sie jetzt Ihr Zimmer im Klassik Altstadt Hotel L\u00fcbeck \u2013 Ihrem traditionsreichen Fahrrad-Hotel im Herzen der Altstadt!<\/p>\n<p>&nbsp;<\/p>\n<p>[\/et_pb_text][et_pb_button button_url=&#8221;@ET-DC@eyJkeW5hbWljIjp0cnVlLCJjb250ZW50IjoicG9zdF9saW5rX3VybF9wYWdlIiwic2V0dGluZ3MiOnsicG9zdF9pZCI6IjQ3IiwiZW5hYmxlX2h0bWwiOiJvZmYifX0=@&#8221; button_text=&#8221;Book rooms directly online&#8221; button_alignment=&#8221;center&#8221; _builder_version=&#8221;4.27.4&#8243; _dynamic_attributes=&#8221;button_url&#8221; _module_preset=&#8221;default&#8221; custom_button=&#8221;on&#8221; button_text_color=&#8221;#A4814C&#8221; button_icon=&#8221;&#xf84a;||fa||900&#8243; button_on_hover=&#8221;off&#8221; global_colors_info=&#8221;{}&#8221;][\/et_pb_button][\/et_pb_column][et_pb_column type=&#8221;1_2&#8243; _builder_version=&#8221;4.27.4&#8243; _module_preset=&#8221;default&#8221; global_colors_info=&#8221;{}&#8221;][et_pb_image src=&#8221;https:\/\/www.klassik-altstadt-hotel.de\/wp-content\/uploads\/fahrrad-fruehling-20.jpg&#8221; _builder_version=&#8221;4.27.4&#8243; _module_preset=&#8221;default&#8221; global_colors_info=&#8221;{}&#8221;][\/et_pb_image][\/et_pb_column][\/et_pb_row][\/et_pb_section][et_pb_section fb_built=&#8221;1&#8243; _builder_version=&#8221;4.16&#8243; _module_preset=&#8221;default&#8221; global_colors_info=&#8221;{}&#8221;][et_pb_row _builder_version=&#8221;4.16&#8243; _module_preset=&#8221;default&#8221; global_colors_info=&#8221;{}&#8221;][et_pb_column type=&#8221;4_4&#8243; _builder_version=&#8221;4.16&#8243; _module_preset=&#8221;default&#8221; global_colors_info=&#8221;{}&#8221;][et_pb_text _builder_version=&#8221;4.16&#8243; _module_preset=&#8221;default&#8221; global_colors_info=&#8221;{}&#8221;]<\/p>\n<div class=\"vc_row wpb_row vc_row-fluid\">\n<div class=\"wpb_column vc_column_container vc_col-sm-12\">\n<div class=\"vc_column-inner\">\n<div class=\"wpb_wrapper\">\n<div class=\"wpb_text_column wpb_content_element \">\n<div class=\"wpb_wrapper\">\n<p>Mehr zum Thema:<\/p>\n<p><a href=\"https:\/\/www.klassik-altstadt-hotel.de\/mit-dem-fahrrad-auf-den-spuren-von-guenter-grass\/\">Tour de Grass von L\u00fcbeck nach M\u00f6lln<\/a><br \/><a href=\"https:\/\/www.klassik-altstadt-hotel.de\/fahrradfahren-in-luebeck\/\">L\u00fcbeck und Umgebung mit dem Fahrrad erkunden<\/a><\/p>\n<\/div>\n<\/div>\n<\/div>\n<\/div>\n<\/div>\n<\/div>\n<div class=\"vc_row wpb_row vc_row-fluid\">\n<div class=\"wpb_column vc_column_container vc_col-sm-12\">\n<div class=\"vc_column-inner\">\n<div class=\"wpb_wrapper\">\n<div class=\"wpb_text_column wpb_content_element \">\n<div class=\"wpb_wrapper\">\n<pre>Foto Salzspeicher: <a href=\"https:\/\/stock.adobe.com\/de\/images\/typical-old-brick-gothic-buildings-in-germany-lubeck\/393520630\" target=\"_blank\" rel=\"noopener\">Typical old brick gothic buildings in Germany, Lubeck.Von Zhanko via Adobe Stock<\/a><\/pre>\n<\/div>\n<\/div>\n<\/div>\n<\/div>\n<\/div>\n<\/div>\n<p>[\/et_pb_text][\/et_pb_column][\/et_pb_row][\/et_pb_section]<\/p>\n","protected":false},"excerpt":{"rendered":"<p>Mit dem Rad nach L\u00fcbeck Are you planning a stay in L\u00fcbeck on your bike tour or would you like to take your bike with you on your next holiday in L\u00fcbeck and are therefore looking for a bike-friendly hotel on L\u00fcbeck&#8217;s old town island? Dann sind Sie im Klassik Altstadt Hotel genau richtig. We [&hellip;]<\/p>\n","protected":false},"author":10,"featured_media":0,"parent":0,"menu_order":0,"comment_status":"closed","ping_status":"closed","template":"","meta":{"_et_pb_use_builder":"on","_et_pb_old_content":"","_et_gb_content_width":"","footnotes":""},"class_list":["post-3704","page","type-page","status-publish","hentry"],"yoast_head":"<!-- This site is optimized with the Yoast SEO plugin v26.9 - https:\/\/yoast.com\/product\/yoast-seo-wordpress\/ -->\n<title>bed+bike bicycle hotel in L\u00fcbeck - bicycle hotel | Klassik Altstadt Hotel<\/title>\n<meta name=\"description\" content=\"Are you looking for a bike-friendly hotel in L\u00fcbeck&#039;s old town? Then you are in the right place at the Klassik Altstadt Hotel.\" \/>\n<meta name=\"robots\" content=\"index, follow, max-snippet:-1, max-image-preview:large, max-video-preview:-1\" \/>\n<link rel=\"canonical\" href=\"https:\/\/www.klassik-altstadt-hotel.de\/en\/bedbike-bicycle-hotel-in-luebeck\/\" \/>\n<meta property=\"og:locale\" content=\"en_US\" \/>\n<meta property=\"og:type\" content=\"article\" \/>\n<meta property=\"og:title\" content=\"bed+bike bicycle hotel in L\u00fcbeck - bicycle hotel | Klassik Altstadt Hotel\" \/>\n<meta property=\"og:description\" content=\"Are you looking for a bike-friendly hotel in L\u00fcbeck&#039;s old town? Then you are in the right place at the Klassik Altstadt Hotel.\" \/>\n<meta property=\"og:url\" content=\"https:\/\/www.klassik-altstadt-hotel.de\/en\/bedbike-bicycle-hotel-in-luebeck\/\" \/>\n<meta property=\"og:site_name\" content=\"Klassik Altstadt Hotel\" \/>\n<meta property=\"article:publisher\" content=\"https:\/\/www.facebook.com\/KlassikAltstadtHotel\/\" \/>\n<meta property=\"article:modified_time\" content=\"2026-01-09T12:06:26+00:00\" \/>\n<meta property=\"og:image\" content=\"https:\/\/www.klassik-altstadt-hotel.de\/wp-content\/uploads\/2019\/10\/klassik-altstadt-hotel-angebot-guenter-grass-suite.jpg\" \/>\n\t<meta property=\"og:image:width\" content=\"1260\" \/>\n\t<meta property=\"og:image:height\" content=\"840\" \/>\n\t<meta property=\"og:image:type\" content=\"image\/jpeg\" \/>\n<meta name=\"twitter:card\" content=\"summary_large_image\" \/>\n<meta name=\"twitter:label1\" content=\"Est. reading time\" \/>\n\t<meta name=\"twitter:data1\" content=\"6 minutes\" \/>\n<script type=\"application\/ld+json\" class=\"yoast-schema-graph\">{\"@context\":\"https:\/\/schema.org\",\"@graph\":[{\"@type\":\"WebPage\",\"@id\":\"https:\/\/www.klassik-altstadt-hotel.de\/en\/bedbike-bicycle-hotel-in-luebeck\/\",\"url\":\"https:\/\/www.klassik-altstadt-hotel.de\/en\/bedbike-bicycle-hotel-in-luebeck\/\",\"name\":\"bed+bike bicycle hotel in L\u00fcbeck - bicycle hotel | Klassik Altstadt Hotel\",\"isPartOf\":{\"@id\":\"https:\/\/www.klassik-altstadt-hotel.de\/en\/#website\"},\"datePublished\":\"2021-04-13T07:43:31+00:00\",\"dateModified\":\"2026-01-09T12:06:26+00:00\",\"description\":\"Are you looking for a bike-friendly hotel in L\u00fcbeck's old town? Then you are in the right place at the Klassik Altstadt Hotel.\",\"breadcrumb\":{\"@id\":\"https:\/\/www.klassik-altstadt-hotel.de\/en\/bedbike-bicycle-hotel-in-luebeck\/#breadcrumb\"},\"inLanguage\":\"en-US\",\"potentialAction\":[{\"@type\":\"ReadAction\",\"target\":[\"https:\/\/www.klassik-altstadt-hotel.de\/en\/bedbike-bicycle-hotel-in-luebeck\/\"]}]},{\"@type\":\"BreadcrumbList\",\"@id\":\"https:\/\/www.klassik-altstadt-hotel.de\/en\/bedbike-bicycle-hotel-in-luebeck\/#breadcrumb\",\"itemListElement\":[{\"@type\":\"ListItem\",\"position\":1,\"name\":\"Startseite\",\"item\":\"https:\/\/www.klassik-altstadt-hotel.de\/en\/home-page\/\"},{\"@type\":\"ListItem\",\"position\":2,\"name\":\"bed+bike bicycle hotel in L\u00fcbeck\"}]},{\"@type\":\"WebSite\",\"@id\":\"https:\/\/www.klassik-altstadt-hotel.de\/en\/#website\",\"url\":\"https:\/\/www.klassik-altstadt-hotel.de\/en\/\",\"name\":\"Klassik Altstadt Hotel\",\"description\":\"Neues Leben hinter alten Fassaden\",\"publisher\":{\"@id\":\"https:\/\/www.klassik-altstadt-hotel.de\/en\/#organization\"},\"alternateName\":\"Klassik Altstadt Hotel L\u00fcbeck\",\"potentialAction\":[{\"@type\":\"SearchAction\",\"target\":{\"@type\":\"EntryPoint\",\"urlTemplate\":\"https:\/\/www.klassik-altstadt-hotel.de\/en\/?s={search_term_string}\"},\"query-input\":{\"@type\":\"PropertyValueSpecification\",\"valueRequired\":true,\"valueName\":\"search_term_string\"}}],\"inLanguage\":\"en-US\"},{\"@type\":\"Organization\",\"@id\":\"https:\/\/www.klassik-altstadt-hotel.de\/en\/#organization\",\"name\":\"Klassik Altstadt Hotel\",\"url\":\"https:\/\/www.klassik-altstadt-hotel.de\/en\/\",\"logo\":{\"@type\":\"ImageObject\",\"inLanguage\":\"en-US\",\"@id\":\"https:\/\/www.klassik-altstadt-hotel.de\/en\/#\/schema\/logo\/image\/\",\"url\":\"https:\/\/www.klassik-altstadt-hotel.de\/wp-content\/uploads\/2020\/11\/klassik-altstadt-hotel-logo-retina.png\",\"contentUrl\":\"https:\/\/www.klassik-altstadt-hotel.de\/wp-content\/uploads\/2020\/11\/klassik-altstadt-hotel-logo-retina.png\",\"width\":210,\"height\":176,\"caption\":\"Klassik Altstadt Hotel\"},\"image\":{\"@id\":\"https:\/\/www.klassik-altstadt-hotel.de\/en\/#\/schema\/logo\/image\/\"},\"sameAs\":[\"https:\/\/www.facebook.com\/KlassikAltstadtHotel\/\",\"https:\/\/www.instagram.com\/klassik.altstadt.hotel.luebeck\/\",\"https:\/\/www.youtube.com\/user\/KlassikAltstadtHotel\"]}]}<\/script>\n<!-- \/ Yoast SEO plugin. -->","yoast_head_json":{"title":"bed+bike bicycle hotel in L\u00fcbeck - bicycle hotel | Klassik Altstadt Hotel","description":"Are you looking for a bike-friendly hotel in L\u00fcbeck's old town? Then you are in the right place at the Klassik Altstadt Hotel.","robots":{"index":"index","follow":"follow","max-snippet":"max-snippet:-1","max-image-preview":"max-image-preview:large","max-video-preview":"max-video-preview:-1"},"canonical":"https:\/\/www.klassik-altstadt-hotel.de\/en\/bedbike-bicycle-hotel-in-luebeck\/","og_locale":"en_US","og_type":"article","og_title":"bed+bike bicycle hotel in L\u00fcbeck - bicycle hotel | Klassik Altstadt Hotel","og_description":"Are you looking for a bike-friendly hotel in L\u00fcbeck's old town? Then you are in the right place at the Klassik Altstadt Hotel.","og_url":"https:\/\/www.klassik-altstadt-hotel.de\/en\/bedbike-bicycle-hotel-in-luebeck\/","og_site_name":"Klassik Altstadt Hotel","article_publisher":"https:\/\/www.facebook.com\/KlassikAltstadtHotel\/","article_modified_time":"2026-01-09T12:06:26+00:00","og_image":[{"width":1260,"height":840,"url":"https:\/\/www.klassik-altstadt-hotel.de\/wp-content\/uploads\/2019\/10\/klassik-altstadt-hotel-angebot-guenter-grass-suite.jpg","type":"image\/jpeg"}],"twitter_card":"summary_large_image","twitter_misc":{"Est. reading time":"6 minutes"},"schema":{"@context":"https:\/\/schema.org","@graph":[{"@type":"WebPage","@id":"https:\/\/www.klassik-altstadt-hotel.de\/en\/bedbike-bicycle-hotel-in-luebeck\/","url":"https:\/\/www.klassik-altstadt-hotel.de\/en\/bedbike-bicycle-hotel-in-luebeck\/","name":"bed+bike bicycle hotel in L\u00fcbeck - bicycle hotel | Klassik Altstadt Hotel","isPartOf":{"@id":"https:\/\/www.klassik-altstadt-hotel.de\/en\/#website"},"datePublished":"2021-04-13T07:43:31+00:00","dateModified":"2026-01-09T12:06:26+00:00","description":"Are you looking for a bike-friendly hotel in L\u00fcbeck's old town? Then you are in the right place at the Klassik Altstadt Hotel.","breadcrumb":{"@id":"https:\/\/www.klassik-altstadt-hotel.de\/en\/bedbike-bicycle-hotel-in-luebeck\/#breadcrumb"},"inLanguage":"en-US","potentialAction":[{"@type":"ReadAction","target":["https:\/\/www.klassik-altstadt-hotel.de\/en\/bedbike-bicycle-hotel-in-luebeck\/"]}]},{"@type":"BreadcrumbList","@id":"https:\/\/www.klassik-altstadt-hotel.de\/en\/bedbike-bicycle-hotel-in-luebeck\/#breadcrumb","itemListElement":[{"@type":"ListItem","position":1,"name":"Startseite","item":"https:\/\/www.klassik-altstadt-hotel.de\/en\/home-page\/"},{"@type":"ListItem","position":2,"name":"bed+bike bicycle hotel in L\u00fcbeck"}]},{"@type":"WebSite","@id":"https:\/\/www.klassik-altstadt-hotel.de\/en\/#website","url":"https:\/\/www.klassik-altstadt-hotel.de\/en\/","name":"Klassik Altstadt Hotel","description":"Neues Leben hinter alten Fassaden","publisher":{"@id":"https:\/\/www.klassik-altstadt-hotel.de\/en\/#organization"},"alternateName":"Klassik Altstadt Hotel L\u00fcbeck","potentialAction":[{"@type":"SearchAction","target":{"@type":"EntryPoint","urlTemplate":"https:\/\/www.klassik-altstadt-hotel.de\/en\/?s={search_term_string}"},"query-input":{"@type":"PropertyValueSpecification","valueRequired":true,"valueName":"search_term_string"}}],"inLanguage":"en-US"},{"@type":"Organization","@id":"https:\/\/www.klassik-altstadt-hotel.de\/en\/#organization","name":"Klassik Altstadt Hotel","url":"https:\/\/www.klassik-altstadt-hotel.de\/en\/","logo":{"@type":"ImageObject","inLanguage":"en-US","@id":"https:\/\/www.klassik-altstadt-hotel.de\/en\/#\/schema\/logo\/image\/","url":"https:\/\/www.klassik-altstadt-hotel.de\/wp-content\/uploads\/2020\/11\/klassik-altstadt-hotel-logo-retina.png","contentUrl":"https:\/\/www.klassik-altstadt-hotel.de\/wp-content\/uploads\/2020\/11\/klassik-altstadt-hotel-logo-retina.png","width":210,"height":176,"caption":"Klassik Altstadt Hotel"},"image":{"@id":"https:\/\/www.klassik-altstadt-hotel.de\/en\/#\/schema\/logo\/image\/"},"sameAs":["https:\/\/www.facebook.com\/KlassikAltstadtHotel\/","https:\/\/www.instagram.com\/klassik.altstadt.hotel.luebeck\/","https:\/\/www.youtube.com\/user\/KlassikAltstadtHotel"]}]}},"_links":{"self":[{"href":"https:\/\/www.klassik-altstadt-hotel.de\/en\/wp-json\/wp\/v2\/pages\/3704","targetHints":{"allow":["GET"]}}],"collection":[{"href":"https:\/\/www.klassik-altstadt-hotel.de\/en\/wp-json\/wp\/v2\/pages"}],"about":[{"href":"https:\/\/www.klassik-altstadt-hotel.de\/en\/wp-json\/wp\/v2\/types\/page"}],"author":[{"embeddable":true,"href":"https:\/\/www.klassik-altstadt-hotel.de\/en\/wp-json\/wp\/v2\/users\/10"}],"replies":[{"embeddable":true,"href":"https:\/\/www.klassik-altstadt-hotel.de\/en\/wp-json\/wp\/v2\/comments?post=3704"}],"version-history":[{"count":11,"href":"https:\/\/www.klassik-altstadt-hotel.de\/en\/wp-json\/wp\/v2\/pages\/3704\/revisions"}],"predecessor-version":[{"id":4975,"href":"https:\/\/www.klassik-altstadt-hotel.de\/en\/wp-json\/wp\/v2\/pages\/3704\/revisions\/4975"}],"wp:attachment":[{"href":"https:\/\/www.klassik-altstadt-hotel.de\/en\/wp-json\/wp\/v2\/media?parent=3704"}],"curies":[{"name":"wp","href":"https:\/\/api.w.org\/{rel}","templated":true}]}}