{"id":3695,"date":"2017-05-16T12:46:54","date_gmt":"2017-05-16T10:46:54","guid":{"rendered":"https:\/\/www.klassik-altstadt-hotel.de\/discover-luebeck\/"},"modified":"2026-01-11T21:27:56","modified_gmt":"2026-01-11T20:27:56","slug":"discover-luebeck","status":"publish","type":"page","link":"https:\/\/www.klassik-altstadt-hotel.de\/en\/discover-luebeck\/","title":{"rendered":"Discover L\u00fcbeck"},"content":{"rendered":"<p>[et_pb_section fb_built=&#8221;1&#8243; fullwidth=&#8221;on&#8221; _builder_version=&#8221;4.16&#8243; _module_preset=&#8221;default&#8221; global_colors_info=&#8221;{}&#8221;][et_pb_fullwidth_header title=&#8221;@ET-DC@eyJkeW5hbWljIjp0cnVlLCJjb250ZW50IjoicG9zdF90aXRsZSIsInNldHRpbmdzIjp7ImJlZm9yZSI6IiIsImFmdGVyIjoiIiwiZW5hYmxlX2h0bWwiOiJvZmYifX0=@&#8221; background_overlay_color=&#8221;RGBA(255,255,255,0)&#8221; _builder_version=&#8221;4.17.4&#8243; _dynamic_attributes=&#8221;title&#8221; _module_preset=&#8221;default&#8221; title_font=&#8221;||||||||&#8221; title_text_align=&#8221;center&#8221; title_font_size=&#8221;45px&#8221; background_image=&#8221;https:\/\/www.klassik-altstadt-hotel.de\/wp-content\/uploads\/2020\/07\/612819_num1204159.jpg&#8221; height=&#8221;400px&#8221; custom_padding=&#8221;150px||||false|false&#8221; title_text_shadow_style=&#8221;preset1&#8243; global_colors_info=&#8221;{}&#8221;][\/et_pb_fullwidth_header][\/et_pb_section][et_pb_section fb_built=&#8221;1&#8243; _builder_version=&#8221;4.16&#8243; _module_preset=&#8221;default&#8221; global_colors_info=&#8221;{}&#8221;][et_pb_row column_structure=&#8221;1_2,1_2&#8243; _builder_version=&#8221;4.16&#8243; _module_preset=&#8221;default&#8221; global_colors_info=&#8221;{}&#8221;][et_pb_column type=&#8221;1_2&#8243; _builder_version=&#8221;4.16&#8243; _module_preset=&#8221;default&#8221; global_colors_info=&#8221;{}&#8221;][et_pb_text _builder_version=&#8221;4.17.4&#8243; _module_preset=&#8221;default&#8221; global_colors_info=&#8221;{}&#8221;]<\/p>\n<h2 class=\"p1\">Discover the beauty of the Old town of L\u00fcbeck<\/h2>\n<h2 class=\"p1\"><span class=\"s1\">Discover L\u00fcbeck<\/span><\/h2>\n<p class=\"p1\">Take a stroll through the many quaint crooked allies in the Old Town. Surrounded by water the Old Town is one of the most precious gems of the Northern European brickstone architecture. For the first time an entire Old Town in Northern Europe was included in the list of UNESCO World Heritage Sites in 1987. Take a boattrip along the river Trave, and enjoy the fabulous architecture of medieval L\u00fcbeck from the water. Visit the world-famous Holsten Gate, the Buddenbrook House and the impressive Gothic churches. In the marvellous merchant houses the times of the Hanse can still be sensed. Finally stop by at the famous Caf\u00e9 Niederegger and treat yourself to a delicious piece of marzipan cake. Real gems can also be found among the many museums in L\u00fcbeck\u2019s historic Old Town: St. Anne\u2019s museum and the Art Hall St. Anne, the museum Behnhaus\/Dr\u00e4gerhaus, the Hospital of the Holy Spirit dating back to 1280 and the Museum of Theatre Puppets are also worth a visit. A real insider shopping tipp is also the H\u00fcx Strasse. Here you can find little unique shops with beautiful items \u201e made in L\u00fcbeck\u201c.<\/p>\n<p class=\"p1\"><span style=\"text-decoration: underline;\"><em><span class=\"s1\">Discover L\u00fcbeck includes:<\/span><\/em><\/span><\/p>\n<p class=\"p1\">2 nights in a double or single room<\/p>\n<p class=\"p1\">including a typical German buffet breakfast<\/p>\n<p class=\"p1\">1 small Niederegger Marzipan present<\/p>\n<p class=\"p1\">1 brochure \u201cL\u00fcbeck in one day\u201d<\/p>\n<p class=\"p3\"><b>at a price of 204,- Euro per person<\/b><\/p>\n<p>[\/et_pb_text][\/et_pb_column][et_pb_column type=&#8221;1_2&#8243; _builder_version=&#8221;4.16&#8243; _module_preset=&#8221;default&#8221; global_colors_info=&#8221;{}&#8221;][et_pb_image src=&#8221;https:\/\/www.klassik-altstadt-hotel.de\/wp-content\/uploads\/2019\/03\/FILL-slider-luebeck-entdecken.jpg&#8221; title_text=&#8221;FILL-slider-luebeck-entdecken&#8221; _builder_version=&#8221;4.16&#8243; _module_preset=&#8221;default&#8221; global_colors_info=&#8221;{}&#8221;][\/et_pb_image][et_pb_cta title=&#8221;book now&#8221; button_url=&#8221;tel:+49451702980&#8243; button_text=&#8221;+49 451 70 29 80&#8243; _builder_version=&#8221;4.16&#8243; _module_preset=&#8221;default&#8221; header_text_color=&#8221;#0C0C0C&#8221; background_color=&#8221;rgba(164,129,76,0.1)&#8221; custom_button=&#8221;on&#8221; button_text_color=&#8221;#A4814C&#8221; global_colors_info=&#8221;{}&#8221;][\/et_pb_cta][\/et_pb_column][\/et_pb_row][\/et_pb_section]<\/p>\n","protected":false},"excerpt":{"rendered":"<p>Discover the beauty of the Old town of L\u00fcbeck Discover L\u00fcbeck Take a stroll through the many quaint crooked allies in the Old Town. Surrounded by water the Old Town is one of the most precious gems of the Northern European brickstone architecture. For the first time an entire Old Town in Northern Europe was [&hellip;]<\/p>\n","protected":false},"author":6,"featured_media":0,"parent":0,"menu_order":0,"comment_status":"closed","ping_status":"closed","template":"","meta":{"_et_pb_use_builder":"on","_et_pb_old_content":"","_et_gb_content_width":"","footnotes":""},"class_list":["post-3695","page","type-page","status-publish","hentry"],"yoast_head":"<!-- This site is optimized with the Yoast SEO plugin v26.9 - https:\/\/yoast.com\/product\/yoast-seo-wordpress\/ -->\n<title>Discover L\u00fcbeck | Klassik Altstadt Hotel<\/title>\n<meta name=\"robots\" content=\"index, follow, max-snippet:-1, max-image-preview:large, max-video-preview:-1\" \/>\n<link rel=\"canonical\" href=\"https:\/\/www.klassik-altstadt-hotel.de\/en\/discover-luebeck\/\" \/>\n<meta property=\"og:locale\" content=\"en_US\" \/>\n<meta property=\"og:type\" content=\"article\" \/>\n<meta property=\"og:title\" content=\"Discover L\u00fcbeck | Klassik Altstadt Hotel\" \/>\n<meta property=\"og:description\" content=\"Discover the beauty of the Old town of L\u00fcbeck Discover L\u00fcbeck Take a stroll through the many quaint crooked allies in the Old Town. Surrounded by water the Old Town is one of the most precious gems of the Northern European brickstone architecture. For the first time an entire Old Town in Northern Europe was [&hellip;]\" \/>\n<meta property=\"og:url\" content=\"https:\/\/www.klassik-altstadt-hotel.de\/en\/discover-luebeck\/\" \/>\n<meta property=\"og:site_name\" content=\"Klassik Altstadt Hotel\" \/>\n<meta property=\"article:publisher\" content=\"https:\/\/www.facebook.com\/KlassikAltstadtHotel\/\" \/>\n<meta property=\"article:modified_time\" content=\"2026-01-11T20:27:56+00:00\" \/>\n<meta property=\"og:image\" content=\"https:\/\/www.klassik-altstadt-hotel.de\/wp-content\/uploads\/2019\/10\/klassik-altstadt-hotel-angebot-guenter-grass-suite.jpg\" \/>\n\t<meta property=\"og:image:width\" content=\"1260\" \/>\n\t<meta property=\"og:image:height\" content=\"840\" \/>\n\t<meta property=\"og:image:type\" content=\"image\/jpeg\" \/>\n<meta name=\"twitter:card\" content=\"summary_large_image\" \/>\n<meta name=\"twitter:label1\" content=\"Est. reading time\" \/>\n\t<meta name=\"twitter:data1\" content=\"2 minutes\" \/>\n<script type=\"application\/ld+json\" class=\"yoast-schema-graph\">{\"@context\":\"https:\/\/schema.org\",\"@graph\":[{\"@type\":\"WebPage\",\"@id\":\"https:\/\/www.klassik-altstadt-hotel.de\/en\/discover-luebeck\/\",\"url\":\"https:\/\/www.klassik-altstadt-hotel.de\/en\/discover-luebeck\/\",\"name\":\"Discover L\u00fcbeck | Klassik Altstadt Hotel\",\"isPartOf\":{\"@id\":\"https:\/\/www.klassik-altstadt-hotel.de\/en\/#website\"},\"datePublished\":\"2017-05-16T10:46:54+00:00\",\"dateModified\":\"2026-01-11T20:27:56+00:00\",\"breadcrumb\":{\"@id\":\"https:\/\/www.klassik-altstadt-hotel.de\/en\/discover-luebeck\/#breadcrumb\"},\"inLanguage\":\"en-US\",\"potentialAction\":[{\"@type\":\"ReadAction\",\"target\":[\"https:\/\/www.klassik-altstadt-hotel.de\/en\/discover-luebeck\/\"]}]},{\"@type\":\"BreadcrumbList\",\"@id\":\"https:\/\/www.klassik-altstadt-hotel.de\/en\/discover-luebeck\/#breadcrumb\",\"itemListElement\":[{\"@type\":\"ListItem\",\"position\":1,\"name\":\"Startseite\",\"item\":\"https:\/\/www.klassik-altstadt-hotel.de\/en\/home-page\/\"},{\"@type\":\"ListItem\",\"position\":2,\"name\":\"Discover L\u00fcbeck\"}]},{\"@type\":\"WebSite\",\"@id\":\"https:\/\/www.klassik-altstadt-hotel.de\/en\/#website\",\"url\":\"https:\/\/www.klassik-altstadt-hotel.de\/en\/\",\"name\":\"Klassik Altstadt Hotel\",\"description\":\"Neues Leben hinter alten Fassaden\",\"publisher\":{\"@id\":\"https:\/\/www.klassik-altstadt-hotel.de\/en\/#organization\"},\"alternateName\":\"Klassik Altstadt Hotel L\u00fcbeck\",\"potentialAction\":[{\"@type\":\"SearchAction\",\"target\":{\"@type\":\"EntryPoint\",\"urlTemplate\":\"https:\/\/www.klassik-altstadt-hotel.de\/en\/?s={search_term_string}\"},\"query-input\":{\"@type\":\"PropertyValueSpecification\",\"valueRequired\":true,\"valueName\":\"search_term_string\"}}],\"inLanguage\":\"en-US\"},{\"@type\":\"Organization\",\"@id\":\"https:\/\/www.klassik-altstadt-hotel.de\/en\/#organization\",\"name\":\"Klassik Altstadt Hotel\",\"url\":\"https:\/\/www.klassik-altstadt-hotel.de\/en\/\",\"logo\":{\"@type\":\"ImageObject\",\"inLanguage\":\"en-US\",\"@id\":\"https:\/\/www.klassik-altstadt-hotel.de\/en\/#\/schema\/logo\/image\/\",\"url\":\"https:\/\/www.klassik-altstadt-hotel.de\/wp-content\/uploads\/2020\/11\/klassik-altstadt-hotel-logo-retina.png\",\"contentUrl\":\"https:\/\/www.klassik-altstadt-hotel.de\/wp-content\/uploads\/2020\/11\/klassik-altstadt-hotel-logo-retina.png\",\"width\":210,\"height\":176,\"caption\":\"Klassik Altstadt Hotel\"},\"image\":{\"@id\":\"https:\/\/www.klassik-altstadt-hotel.de\/en\/#\/schema\/logo\/image\/\"},\"sameAs\":[\"https:\/\/www.facebook.com\/KlassikAltstadtHotel\/\",\"https:\/\/www.instagram.com\/klassik.altstadt.hotel.luebeck\/\",\"https:\/\/www.youtube.com\/user\/KlassikAltstadtHotel\"]}]}<\/script>\n<!-- \/ Yoast SEO plugin. -->","yoast_head_json":{"title":"Discover L\u00fcbeck | Klassik Altstadt Hotel","robots":{"index":"index","follow":"follow","max-snippet":"max-snippet:-1","max-image-preview":"max-image-preview:large","max-video-preview":"max-video-preview:-1"},"canonical":"https:\/\/www.klassik-altstadt-hotel.de\/en\/discover-luebeck\/","og_locale":"en_US","og_type":"article","og_title":"Discover L\u00fcbeck | Klassik Altstadt Hotel","og_description":"Discover the beauty of the Old town of L\u00fcbeck Discover L\u00fcbeck Take a stroll through the many quaint crooked allies in the Old Town. Surrounded by water the Old Town is one of the most precious gems of the Northern European brickstone architecture. For the first time an entire Old Town in Northern Europe was [&hellip;]","og_url":"https:\/\/www.klassik-altstadt-hotel.de\/en\/discover-luebeck\/","og_site_name":"Klassik Altstadt Hotel","article_publisher":"https:\/\/www.facebook.com\/KlassikAltstadtHotel\/","article_modified_time":"2026-01-11T20:27:56+00:00","og_image":[{"width":1260,"height":840,"url":"https:\/\/www.klassik-altstadt-hotel.de\/wp-content\/uploads\/2019\/10\/klassik-altstadt-hotel-angebot-guenter-grass-suite.jpg","type":"image\/jpeg"}],"twitter_card":"summary_large_image","twitter_misc":{"Est. reading time":"2 minutes"},"schema":{"@context":"https:\/\/schema.org","@graph":[{"@type":"WebPage","@id":"https:\/\/www.klassik-altstadt-hotel.de\/en\/discover-luebeck\/","url":"https:\/\/www.klassik-altstadt-hotel.de\/en\/discover-luebeck\/","name":"Discover L\u00fcbeck | Klassik Altstadt Hotel","isPartOf":{"@id":"https:\/\/www.klassik-altstadt-hotel.de\/en\/#website"},"datePublished":"2017-05-16T10:46:54+00:00","dateModified":"2026-01-11T20:27:56+00:00","breadcrumb":{"@id":"https:\/\/www.klassik-altstadt-hotel.de\/en\/discover-luebeck\/#breadcrumb"},"inLanguage":"en-US","potentialAction":[{"@type":"ReadAction","target":["https:\/\/www.klassik-altstadt-hotel.de\/en\/discover-luebeck\/"]}]},{"@type":"BreadcrumbList","@id":"https:\/\/www.klassik-altstadt-hotel.de\/en\/discover-luebeck\/#breadcrumb","itemListElement":[{"@type":"ListItem","position":1,"name":"Startseite","item":"https:\/\/www.klassik-altstadt-hotel.de\/en\/home-page\/"},{"@type":"ListItem","position":2,"name":"Discover L\u00fcbeck"}]},{"@type":"WebSite","@id":"https:\/\/www.klassik-altstadt-hotel.de\/en\/#website","url":"https:\/\/www.klassik-altstadt-hotel.de\/en\/","name":"Klassik Altstadt Hotel","description":"Neues Leben hinter alten Fassaden","publisher":{"@id":"https:\/\/www.klassik-altstadt-hotel.de\/en\/#organization"},"alternateName":"Klassik Altstadt Hotel L\u00fcbeck","potentialAction":[{"@type":"SearchAction","target":{"@type":"EntryPoint","urlTemplate":"https:\/\/www.klassik-altstadt-hotel.de\/en\/?s={search_term_string}"},"query-input":{"@type":"PropertyValueSpecification","valueRequired":true,"valueName":"search_term_string"}}],"inLanguage":"en-US"},{"@type":"Organization","@id":"https:\/\/www.klassik-altstadt-hotel.de\/en\/#organization","name":"Klassik Altstadt Hotel","url":"https:\/\/www.klassik-altstadt-hotel.de\/en\/","logo":{"@type":"ImageObject","inLanguage":"en-US","@id":"https:\/\/www.klassik-altstadt-hotel.de\/en\/#\/schema\/logo\/image\/","url":"https:\/\/www.klassik-altstadt-hotel.de\/wp-content\/uploads\/2020\/11\/klassik-altstadt-hotel-logo-retina.png","contentUrl":"https:\/\/www.klassik-altstadt-hotel.de\/wp-content\/uploads\/2020\/11\/klassik-altstadt-hotel-logo-retina.png","width":210,"height":176,"caption":"Klassik Altstadt Hotel"},"image":{"@id":"https:\/\/www.klassik-altstadt-hotel.de\/en\/#\/schema\/logo\/image\/"},"sameAs":["https:\/\/www.facebook.com\/KlassikAltstadtHotel\/","https:\/\/www.instagram.com\/klassik.altstadt.hotel.luebeck\/","https:\/\/www.youtube.com\/user\/KlassikAltstadtHotel"]}]}},"_links":{"self":[{"href":"https:\/\/www.klassik-altstadt-hotel.de\/en\/wp-json\/wp\/v2\/pages\/3695","targetHints":{"allow":["GET"]}}],"collection":[{"href":"https:\/\/www.klassik-altstadt-hotel.de\/en\/wp-json\/wp\/v2\/pages"}],"about":[{"href":"https:\/\/www.klassik-altstadt-hotel.de\/en\/wp-json\/wp\/v2\/types\/page"}],"author":[{"embeddable":true,"href":"https:\/\/www.klassik-altstadt-hotel.de\/en\/wp-json\/wp\/v2\/users\/6"}],"replies":[{"embeddable":true,"href":"https:\/\/www.klassik-altstadt-hotel.de\/en\/wp-json\/wp\/v2\/comments?post=3695"}],"version-history":[{"count":13,"href":"https:\/\/www.klassik-altstadt-hotel.de\/en\/wp-json\/wp\/v2\/pages\/3695\/revisions"}],"predecessor-version":[{"id":5024,"href":"https:\/\/www.klassik-altstadt-hotel.de\/en\/wp-json\/wp\/v2\/pages\/3695\/revisions\/5024"}],"wp:attachment":[{"href":"https:\/\/www.klassik-altstadt-hotel.de\/en\/wp-json\/wp\/v2\/media?parent=3695"}],"curies":[{"name":"wp","href":"https:\/\/api.w.org\/{rel}","templated":true}]}}