{"id":3669,"date":"2017-05-04T11:42:48","date_gmt":"2017-05-04T09:42:48","guid":{"rendered":"https:\/\/www.klassik-altstadt-hotel.de\/proposals\/"},"modified":"2024-01-25T10:03:55","modified_gmt":"2024-01-25T09:03:55","slug":"proposals","status":"publish","type":"page","link":"https:\/\/www.klassik-altstadt-hotel.de\/en\/proposals\/","title":{"rendered":"Proposals"},"content":{"rendered":"<p>[et_pb_section fb_built=&#8221;1&#8243; fullwidth=&#8221;on&#8221; _builder_version=&#8221;4.16&#8243; _module_preset=&#8221;default&#8221; global_colors_info=&#8221;{}&#8221;][et_pb_fullwidth_header title=&#8221;@ET-DC@eyJkeW5hbWljIjp0cnVlLCJjb250ZW50IjoicG9zdF90aXRsZSIsInNldHRpbmdzIjp7ImJlZm9yZSI6IiIsImFmdGVyIjoiIn19@&#8221; background_overlay_color=&#8221;RGBA(255,255,255,0)&#8221; _builder_version=&#8221;4.17.4&#8243; _dynamic_attributes=&#8221;title&#8221; _module_preset=&#8221;default&#8221; title_font=&#8221;||||||||&#8221; title_text_align=&#8221;center&#8221; title_font_size=&#8221;45px&#8221; background_image=&#8221;https:\/\/www.klassik-altstadt-hotel.de\/wp-content\/uploads\/2020\/07\/612819_num1204159.jpg&#8221; height=&#8221;400px&#8221; custom_padding=&#8221;150px||||false|false&#8221; title_text_shadow_style=&#8221;preset1&#8243; global_colors_info=&#8221;{}&#8221;][\/et_pb_fullwidth_header][\/et_pb_section][et_pb_section fb_built=&#8221;1&#8243; _builder_version=&#8221;4.16&#8243; _module_preset=&#8221;default&#8221; global_colors_info=&#8221;{}&#8221;][et_pb_row _builder_version=&#8221;4.16&#8243; _module_preset=&#8221;default&#8221; global_colors_info=&#8221;{}&#8221;][et_pb_column type=&#8221;4_4&#8243; _builder_version=&#8221;4.16&#8243; _module_preset=&#8221;default&#8221; global_colors_info=&#8221;{}&#8221;][et_pb_text _builder_version=&#8221;4.16&#8243; _module_preset=&#8221;default&#8221; global_colors_info=&#8221;{}&#8221;]<\/p>\n<div class=\"vc_row wpb_row vc_row-fluid\">\n<div class=\"wpb_column vc_column_container vc_col-sm-12\">\n<div class=\"vc_column-inner vc_custom_1571643737124\">\n<div class=\"wpb_wrapper\">\n<div class=\"wpb_text_column wpb_content_element \">\n<div class=\"wpb_wrapper\">\n<h2>Attractive offers for your stay in L\u00fcbeck&#8217;s old town<\/h2>\n<\/div>\n<\/div>\n<div class=\"vc_empty_space\"><span class=\"vc_empty_space_inner\"><\/span><\/div>\n<\/div>\n<\/div>\n<\/div>\n<\/div>\n<div class=\"vc_row wpb_row vc_row-fluid\">\n<div class=\"wpb_column vc_column_container vc_col-sm-6\">\n<div class=\"vc_column-inner\">\n<div class=\"wpb_wrapper\">\n<div class=\"wpb_text_column wpb_content_element \">\n<div class=\"wpb_wrapper\">\n<p class=\"p1\"><span class=\"s1\"><strong>Our personal favourite tours that we have especially designed for you. <\/strong>Experience the beauty and the glory of the magical city of L\u00fcbeck! Take a break, just the two of you and indulge in magical moments together \u2013 it\u2019s a beautiful world. <\/span><\/p>\n<\/div>\n<\/div>\n<\/div>\n<\/div>\n<\/div>\n<div class=\"wpb_column vc_column_container vc_col-sm-6\">\n<div class=\"vc_column-inner\">\n<div class=\"wpb_wrapper\">\n<div class=\"wpb_text_column wpb_content_element \">\n<div class=\"wpb_wrapper\">\n<p class=\"p1\"><span class=\"s1\">It`s up to you to make your stay in L\u00fcbeck one you\u00b4ll always remember. Let us take you for a journey into the world of Grass, Mann and the Hanseatic history of L\u00fcbeck, so that you can experience your own little magical moment.<\/span><\/p>\n<p>All prices are valid for two sharing a double room when booking a double room or for one person in a single room when booked accordingly. Our tailor-made offers are not bookable in the holiday season- such as Advent weekends or national holidays. An extra night booking is possible on request.<\/p>\n<\/div>\n<\/div>\n<\/div>\n<\/div>\n<\/div>\n<\/div>\n<p>[\/et_pb_text][\/et_pb_column][\/et_pb_row][et_pb_row column_structure=&#8221;1_2,1_2&#8243; _builder_version=&#8221;4.16&#8243; _module_preset=&#8221;default&#8221; global_colors_info=&#8221;{}&#8221;][et_pb_column type=&#8221;1_2&#8243; _builder_version=&#8221;4.16&#8243; _module_preset=&#8221;default&#8221; global_colors_info=&#8221;{}&#8221;][et_pb_blurb title=&#8221;Discover L\u00fcbeck by bike&#8221; image=&#8221;https:\/\/www.klassik-altstadt-hotel.de\/wp-content\/uploads\/2021\/04\/fahrradhotel-in-luebeck-e1618322582643.jpeg&#8221; alt=&#8221;Discover L\u00fcbeck by bike&#8221; _builder_version=&#8221;4.16&#8243; _dynamic_attributes=&#8221;link_option_url&#8221; _module_preset=&#8221;default&#8221; header_level=&#8221;h2&#8243; header_text_align=&#8221;left&#8221; header_font_size=&#8221;28px&#8221; link_option_url=&#8221;@ET-DC@eyJkeW5hbWljIjp0cnVlLCJjb250ZW50IjoicG9zdF9saW5rX3VybF9wYWdlIiwic2V0dGluZ3MiOnsicG9zdF9pZCI6IjI3MDYifX0=@&#8221; global_colors_info=&#8221;{}&#8221;]<\/p>\n<p><span>Spring is coming and the sun is shining &#8211; the perfect opportunity to get back on the bike and enjoy the warming temperatures.<\/span><\/p>\n<p>[\/et_pb_blurb][\/et_pb_column][et_pb_column type=&#8221;1_2&#8243; _builder_version=&#8221;4.16&#8243; _module_preset=&#8221;default&#8221; global_colors_info=&#8221;{}&#8221;][et_pb_blurb title=&#8221;L\u00fcbeck and the Hanseatic League&#8221; image=&#8221;https:\/\/www.klassik-altstadt-hotel.de\/wp-content\/uploads\/2017\/05\/slider-boote-02.jpg&#8221; _builder_version=&#8221;4.16&#8243; _dynamic_attributes=&#8221;link_option_url&#8221; _module_preset=&#8221;default&#8221; header_level=&#8221;h2&#8243; header_text_align=&#8221;left&#8221; header_font_size=&#8221;28px&#8221; link_option_url=&#8221;@ET-DC@eyJkeW5hbWljIjp0cnVlLCJjb250ZW50IjoicG9zdF9saW5rX3VybF9wYWdlIiwic2V0dGluZ3MiOnsicG9zdF9pZCI6IjQzNiJ9fQ==@&#8221; global_colors_info=&#8221;{}&#8221;]<\/p>\n<p><span>Take a journey into the time of the Hanseatic League and get interesting insights into the urban development and cultural history of the &#8220;Queen of the Hanseatic League&#8221; in the European Hanseatic Museum.<\/span><\/p>\n<p>[\/et_pb_blurb][\/et_pb_column][\/et_pb_row][et_pb_row column_structure=&#8221;1_2,1_2&#8243; _builder_version=&#8221;4.16&#8243; _module_preset=&#8221;default&#8221; global_colors_info=&#8221;{}&#8221;][et_pb_column type=&#8221;1_2&#8243; _builder_version=&#8221;4.16&#8243; _module_preset=&#8221;default&#8221; global_colors_info=&#8221;{}&#8221;][et_pb_blurb title=&#8221;Discover L\u00fcbeck&#8221; image=&#8221;https:\/\/www.klassik-altstadt-hotel.de\/wp-content\/uploads\/slider_holstentor-e1706171179940.jpg&#8221; _builder_version=&#8221;4.23.1&#8243; _dynamic_attributes=&#8221;link_option_url&#8221; _module_preset=&#8221;default&#8221; header_level=&#8221;h2&#8243; header_text_align=&#8221;left&#8221; header_font_size=&#8221;28px&#8221; link_option_url=&#8221;@ET-DC@eyJkeW5hbWljIjp0cnVlLCJjb250ZW50IjoicG9zdF9saW5rX3VybF9wYWdlIiwic2V0dGluZ3MiOnsicG9zdF9pZCI6IjQ0MiJ9fQ==@&#8221; hover_enabled=&#8221;0&#8243; global_colors_info=&#8221;{}&#8221; title_text=&#8221;slider_holstentor&#8221; sticky_enabled=&#8221;0&#8243;]<\/p>\n<p><span>L\u00fcbeck has so much to offer: with a city guide in hand, we will send you on a tour of discovery. Visit L\u00fcbeck&#8217;s &#8220;hotspots&#8221; and enjoy L\u00fcbeck delicacies.<\/span><\/p>\n<p>[\/et_pb_blurb][\/et_pb_column][et_pb_column type=&#8221;1_2&#8243; _builder_version=&#8221;4.16&#8243; _module_preset=&#8221;default&#8221; global_colors_info=&#8221;{}&#8221;][et_pb_blurb title=&#8221;L\u00fcbeck with friends&#8221; image=&#8221;https:\/\/www.klassik-altstadt-hotel.de\/wp-content\/uploads\/2017\/05\/slider-luebeck-geniessen.jpg&#8221; alt=&#8221;Classic Altstadt Hotel Offer G\u00fcnter Grass Suite&#8221; _builder_version=&#8221;4.16&#8243; _dynamic_attributes=&#8221;link_option_url&#8221; _module_preset=&#8221;default&#8221; header_level=&#8221;h2&#8243; header_text_align=&#8221;left&#8221; header_font_size=&#8221;28px&#8221; link_option_url=&#8221;@ET-DC@eyJkeW5hbWljIjp0cnVlLCJjb250ZW50IjoicG9zdF9saW5rX3VybF9wYWdlIiwic2V0dGluZ3MiOnsicG9zdF9pZCI6IjQ0NyJ9fQ==@&#8221; global_colors_info=&#8221;{}&#8221;]<\/p>\n<p><span>Interested in L\u00fcbeck&#8217;s history and culinary delights? Explore L\u00fcbeck on a city tour and enjoy a special 4-course menu.<\/span><\/p>\n<p>[\/et_pb_blurb][\/et_pb_column][\/et_pb_row][et_pb_row _builder_version=&#8221;4.16&#8243; _module_preset=&#8221;default&#8221; global_colors_info=&#8221;{}&#8221;][et_pb_column type=&#8221;4_4&#8243; _builder_version=&#8221;4.16&#8243; _module_preset=&#8221;default&#8221; global_colors_info=&#8221;{}&#8221;][et_pb_text _builder_version=&#8221;4.16&#8243; _module_preset=&#8221;default&#8221; global_colors_info=&#8221;{}&#8221;]<\/p>\n<div class=\"wpb_text_column wpb_content_element \">\n<div class=\"wpb_wrapper\">\n<h3>In L\u00fcbeck&#8217;s old town, it&#8217;s always high season &#8211; at any time of the year.<\/h3>\n<\/div>\n<\/div>\n<div class=\"wpb_text_column wpb_content_element \">\n<div class=\"wpb_wrapper\">\n<p>There&#8217;s no bad time to visit L\u00fcbeck, because there&#8217;s always something going on here. Whether it&#8217;s a boat trip around the old town island in summer temperatures or a visit to the famous Christmas market in snowy L\u00fcbeck in winter.<\/p>\n<p>During your stay at the Klassik Altstadt Hotel, you have the &#8220;Queen of the Hanseatic League&#8221; right on your doorstep.<\/p>\n<p>L\u00fcbeck \u2013 city of the seven towers: marvel at the highest brick vault in the world in the Marienkirche, walk through the Holstentor, visit the theater or take a guided tour of the historic town hall. Enjoy the L\u00fcbecker Rotspon or the famous L\u00fcbecker Marzipan. Get to know and love the many sights and delicacies of L\u00fcbeck up close.<\/p>\n<\/div>\n<\/div>\n<p>[\/et_pb_text][\/et_pb_column][\/et_pb_row][\/et_pb_section]<\/p>\n","protected":false},"excerpt":{"rendered":"<p>Attractive offers for your stay in L\u00fcbeck&#8217;s old town Our personal favourite tours that we have especially designed for you. Experience the beauty and the glory of the magical city of L\u00fcbeck! Take a break, just the two of you and indulge in magical moments together \u2013 it\u2019s a beautiful world. It`s up to you [&hellip;]<\/p>\n","protected":false},"author":6,"featured_media":0,"parent":0,"menu_order":0,"comment_status":"closed","ping_status":"closed","template":"","meta":{"_et_pb_use_builder":"on","_et_pb_old_content":"","_et_gb_content_width":"","footnotes":""},"class_list":["post-3669","page","type-page","status-publish","hentry"],"yoast_head":"<!-- This site is optimized with the Yoast SEO plugin v26.9 - https:\/\/yoast.com\/product\/yoast-seo-wordpress\/ -->\n<title>Proposals | Klassik Altstadt Hotel<\/title>\n<meta name=\"robots\" content=\"index, follow, max-snippet:-1, max-image-preview:large, max-video-preview:-1\" \/>\n<link rel=\"canonical\" href=\"https:\/\/www.klassik-altstadt-hotel.de\/en\/proposals\/\" \/>\n<meta property=\"og:locale\" content=\"en_US\" \/>\n<meta property=\"og:type\" content=\"article\" \/>\n<meta property=\"og:title\" content=\"Proposals | Klassik Altstadt Hotel\" \/>\n<meta property=\"og:description\" content=\"Attractive offers for your stay in L\u00fcbeck&#039;s old town Our personal favourite tours that we have especially designed for you. Experience the beauty and the glory of the magical city of L\u00fcbeck! Take a break, just the two of you and indulge in magical moments together \u2013 it\u2019s a beautiful world. It`s up to you [&hellip;]\" \/>\n<meta property=\"og:url\" content=\"https:\/\/www.klassik-altstadt-hotel.de\/en\/proposals\/\" \/>\n<meta property=\"og:site_name\" content=\"Klassik Altstadt Hotel\" \/>\n<meta property=\"article:publisher\" content=\"https:\/\/www.facebook.com\/KlassikAltstadtHotel\/\" \/>\n<meta property=\"article:modified_time\" content=\"2024-01-25T09:03:55+00:00\" \/>\n<meta property=\"og:image\" content=\"https:\/\/www.klassik-altstadt-hotel.de\/wp-content\/uploads\/2019\/10\/klassik-altstadt-hotel-angebot-guenter-grass-suite.jpg\" \/>\n\t<meta property=\"og:image:width\" content=\"1260\" \/>\n\t<meta property=\"og:image:height\" content=\"840\" \/>\n\t<meta property=\"og:image:type\" content=\"image\/jpeg\" \/>\n<meta name=\"twitter:card\" content=\"summary_large_image\" \/>\n<meta name=\"twitter:label1\" content=\"Est. reading time\" \/>\n\t<meta name=\"twitter:data1\" content=\"5 minutes\" \/>\n<script type=\"application\/ld+json\" class=\"yoast-schema-graph\">{\"@context\":\"https:\/\/schema.org\",\"@graph\":[{\"@type\":\"WebPage\",\"@id\":\"https:\/\/www.klassik-altstadt-hotel.de\/en\/proposals\/\",\"url\":\"https:\/\/www.klassik-altstadt-hotel.de\/en\/proposals\/\",\"name\":\"Proposals | Klassik Altstadt Hotel\",\"isPartOf\":{\"@id\":\"https:\/\/www.klassik-altstadt-hotel.de\/en\/#website\"},\"datePublished\":\"2017-05-04T09:42:48+00:00\",\"dateModified\":\"2024-01-25T09:03:55+00:00\",\"breadcrumb\":{\"@id\":\"https:\/\/www.klassik-altstadt-hotel.de\/en\/proposals\/#breadcrumb\"},\"inLanguage\":\"en-US\",\"potentialAction\":[{\"@type\":\"ReadAction\",\"target\":[\"https:\/\/www.klassik-altstadt-hotel.de\/en\/proposals\/\"]}]},{\"@type\":\"BreadcrumbList\",\"@id\":\"https:\/\/www.klassik-altstadt-hotel.de\/en\/proposals\/#breadcrumb\",\"itemListElement\":[{\"@type\":\"ListItem\",\"position\":1,\"name\":\"Startseite\",\"item\":\"https:\/\/www.klassik-altstadt-hotel.de\/en\/home-page\/\"},{\"@type\":\"ListItem\",\"position\":2,\"name\":\"Proposals\"}]},{\"@type\":\"WebSite\",\"@id\":\"https:\/\/www.klassik-altstadt-hotel.de\/en\/#website\",\"url\":\"https:\/\/www.klassik-altstadt-hotel.de\/en\/\",\"name\":\"Klassik Altstadt Hotel\",\"description\":\"Neues Leben hinter alten Fassaden\",\"publisher\":{\"@id\":\"https:\/\/www.klassik-altstadt-hotel.de\/en\/#organization\"},\"alternateName\":\"Klassik Altstadt Hotel L\u00fcbeck\",\"potentialAction\":[{\"@type\":\"SearchAction\",\"target\":{\"@type\":\"EntryPoint\",\"urlTemplate\":\"https:\/\/www.klassik-altstadt-hotel.de\/en\/?s={search_term_string}\"},\"query-input\":{\"@type\":\"PropertyValueSpecification\",\"valueRequired\":true,\"valueName\":\"search_term_string\"}}],\"inLanguage\":\"en-US\"},{\"@type\":\"Organization\",\"@id\":\"https:\/\/www.klassik-altstadt-hotel.de\/en\/#organization\",\"name\":\"Klassik Altstadt Hotel\",\"url\":\"https:\/\/www.klassik-altstadt-hotel.de\/en\/\",\"logo\":{\"@type\":\"ImageObject\",\"inLanguage\":\"en-US\",\"@id\":\"https:\/\/www.klassik-altstadt-hotel.de\/en\/#\/schema\/logo\/image\/\",\"url\":\"https:\/\/www.klassik-altstadt-hotel.de\/wp-content\/uploads\/2020\/11\/klassik-altstadt-hotel-logo-retina.png\",\"contentUrl\":\"https:\/\/www.klassik-altstadt-hotel.de\/wp-content\/uploads\/2020\/11\/klassik-altstadt-hotel-logo-retina.png\",\"width\":210,\"height\":176,\"caption\":\"Klassik Altstadt Hotel\"},\"image\":{\"@id\":\"https:\/\/www.klassik-altstadt-hotel.de\/en\/#\/schema\/logo\/image\/\"},\"sameAs\":[\"https:\/\/www.facebook.com\/KlassikAltstadtHotel\/\",\"https:\/\/www.instagram.com\/klassik.altstadt.hotel.luebeck\/\",\"https:\/\/www.youtube.com\/user\/KlassikAltstadtHotel\"]}]}<\/script>\n<!-- \/ Yoast SEO plugin. -->","yoast_head_json":{"title":"Proposals | Klassik Altstadt Hotel","robots":{"index":"index","follow":"follow","max-snippet":"max-snippet:-1","max-image-preview":"max-image-preview:large","max-video-preview":"max-video-preview:-1"},"canonical":"https:\/\/www.klassik-altstadt-hotel.de\/en\/proposals\/","og_locale":"en_US","og_type":"article","og_title":"Proposals | Klassik Altstadt Hotel","og_description":"Attractive offers for your stay in L\u00fcbeck's old town Our personal favourite tours that we have especially designed for you. Experience the beauty and the glory of the magical city of L\u00fcbeck! Take a break, just the two of you and indulge in magical moments together \u2013 it\u2019s a beautiful world. It`s up to you [&hellip;]","og_url":"https:\/\/www.klassik-altstadt-hotel.de\/en\/proposals\/","og_site_name":"Klassik Altstadt Hotel","article_publisher":"https:\/\/www.facebook.com\/KlassikAltstadtHotel\/","article_modified_time":"2024-01-25T09:03:55+00:00","og_image":[{"width":1260,"height":840,"url":"https:\/\/www.klassik-altstadt-hotel.de\/wp-content\/uploads\/2019\/10\/klassik-altstadt-hotel-angebot-guenter-grass-suite.jpg","type":"image\/jpeg"}],"twitter_card":"summary_large_image","twitter_misc":{"Est. reading time":"5 minutes"},"schema":{"@context":"https:\/\/schema.org","@graph":[{"@type":"WebPage","@id":"https:\/\/www.klassik-altstadt-hotel.de\/en\/proposals\/","url":"https:\/\/www.klassik-altstadt-hotel.de\/en\/proposals\/","name":"Proposals | Klassik Altstadt Hotel","isPartOf":{"@id":"https:\/\/www.klassik-altstadt-hotel.de\/en\/#website"},"datePublished":"2017-05-04T09:42:48+00:00","dateModified":"2024-01-25T09:03:55+00:00","breadcrumb":{"@id":"https:\/\/www.klassik-altstadt-hotel.de\/en\/proposals\/#breadcrumb"},"inLanguage":"en-US","potentialAction":[{"@type":"ReadAction","target":["https:\/\/www.klassik-altstadt-hotel.de\/en\/proposals\/"]}]},{"@type":"BreadcrumbList","@id":"https:\/\/www.klassik-altstadt-hotel.de\/en\/proposals\/#breadcrumb","itemListElement":[{"@type":"ListItem","position":1,"name":"Startseite","item":"https:\/\/www.klassik-altstadt-hotel.de\/en\/home-page\/"},{"@type":"ListItem","position":2,"name":"Proposals"}]},{"@type":"WebSite","@id":"https:\/\/www.klassik-altstadt-hotel.de\/en\/#website","url":"https:\/\/www.klassik-altstadt-hotel.de\/en\/","name":"Klassik Altstadt Hotel","description":"Neues Leben hinter alten Fassaden","publisher":{"@id":"https:\/\/www.klassik-altstadt-hotel.de\/en\/#organization"},"alternateName":"Klassik Altstadt Hotel L\u00fcbeck","potentialAction":[{"@type":"SearchAction","target":{"@type":"EntryPoint","urlTemplate":"https:\/\/www.klassik-altstadt-hotel.de\/en\/?s={search_term_string}"},"query-input":{"@type":"PropertyValueSpecification","valueRequired":true,"valueName":"search_term_string"}}],"inLanguage":"en-US"},{"@type":"Organization","@id":"https:\/\/www.klassik-altstadt-hotel.de\/en\/#organization","name":"Klassik Altstadt Hotel","url":"https:\/\/www.klassik-altstadt-hotel.de\/en\/","logo":{"@type":"ImageObject","inLanguage":"en-US","@id":"https:\/\/www.klassik-altstadt-hotel.de\/en\/#\/schema\/logo\/image\/","url":"https:\/\/www.klassik-altstadt-hotel.de\/wp-content\/uploads\/2020\/11\/klassik-altstadt-hotel-logo-retina.png","contentUrl":"https:\/\/www.klassik-altstadt-hotel.de\/wp-content\/uploads\/2020\/11\/klassik-altstadt-hotel-logo-retina.png","width":210,"height":176,"caption":"Klassik Altstadt Hotel"},"image":{"@id":"https:\/\/www.klassik-altstadt-hotel.de\/en\/#\/schema\/logo\/image\/"},"sameAs":["https:\/\/www.facebook.com\/KlassikAltstadtHotel\/","https:\/\/www.instagram.com\/klassik.altstadt.hotel.luebeck\/","https:\/\/www.youtube.com\/user\/KlassikAltstadtHotel"]}]}},"_links":{"self":[{"href":"https:\/\/www.klassik-altstadt-hotel.de\/en\/wp-json\/wp\/v2\/pages\/3669","targetHints":{"allow":["GET"]}}],"collection":[{"href":"https:\/\/www.klassik-altstadt-hotel.de\/en\/wp-json\/wp\/v2\/pages"}],"about":[{"href":"https:\/\/www.klassik-altstadt-hotel.de\/en\/wp-json\/wp\/v2\/types\/page"}],"author":[{"embeddable":true,"href":"https:\/\/www.klassik-altstadt-hotel.de\/en\/wp-json\/wp\/v2\/users\/6"}],"replies":[{"embeddable":true,"href":"https:\/\/www.klassik-altstadt-hotel.de\/en\/wp-json\/wp\/v2\/comments?post=3669"}],"version-history":[{"count":9,"href":"https:\/\/www.klassik-altstadt-hotel.de\/en\/wp-json\/wp\/v2\/pages\/3669\/revisions"}],"predecessor-version":[{"id":4442,"href":"https:\/\/www.klassik-altstadt-hotel.de\/en\/wp-json\/wp\/v2\/pages\/3669\/revisions\/4442"}],"wp:attachment":[{"href":"https:\/\/www.klassik-altstadt-hotel.de\/en\/wp-json\/wp\/v2\/media?parent=3669"}],"curies":[{"name":"wp","href":"https:\/\/api.w.org\/{rel}","templated":true}]}}