{"id":3638,"date":"2022-05-11T11:28:06","date_gmt":"2022-05-11T09:28:06","guid":{"rendered":"https:\/\/www.klassik-altstadt-hotel.de\/rooms\/economy-single-room\/"},"modified":"2026-01-11T21:23:37","modified_gmt":"2026-01-11T20:23:37","slug":"economy-single-room","status":"publish","type":"page","link":"https:\/\/www.klassik-altstadt-hotel.de\/en\/rooms\/economy-single-room\/","title":{"rendered":"Economy single room"},"content":{"rendered":"<p>[et_pb_section fb_built=&#8221;1&#8243; fullwidth=&#8221;on&#8221; _builder_version=&#8221;4.17.3&#8243; _module_preset=&#8221;default&#8221; global_colors_info=&#8221;{}&#8221;][et_pb_fullwidth_header title=&#8221;@ET-DC@eyJkeW5hbWljIjp0cnVlLCJjb250ZW50IjoicG9zdF90aXRsZSIsInNldHRpbmdzIjp7ImJlZm9yZSI6IiIsImFmdGVyIjoiIiwiZW5hYmxlX2h0bWwiOiJvZmYifX0=@&#8221; background_overlay_color=&#8221;RGBA(255,255,255,0)&#8221; _builder_version=&#8221;4.19.4&#8243; _dynamic_attributes=&#8221;title&#8221; _module_preset=&#8221;default&#8221; title_font=&#8221;||||||||&#8221; title_text_align=&#8221;center&#8221; title_font_size=&#8221;45px&#8221; background_image=&#8221;https:\/\/www.klassik-altstadt-hotel.de\/wp-content\/uploads\/economy-zimmer-4.jpg&#8221; background_position=&#8221;bottom_right&#8221; height=&#8221;400px&#8221; custom_padding=&#8221;150px||||false|false&#8221; title_text_shadow_style=&#8221;preset1&#8243; global_colors_info=&#8221;{}&#8221;][\/et_pb_fullwidth_header][\/et_pb_section][et_pb_section fb_built=&#8221;1&#8243; _builder_version=&#8221;4.16&#8243; _module_preset=&#8221;default&#8221; global_colors_info=&#8221;{}&#8221;][et_pb_row column_structure=&#8221;2_5,3_5&#8243; _builder_version=&#8221;4.16&#8243; _module_preset=&#8221;default&#8221; global_colors_info=&#8221;{}&#8221;][et_pb_column type=&#8221;2_5&#8243; _builder_version=&#8221;4.16&#8243; _module_preset=&#8221;default&#8221; global_colors_info=&#8221;{}&#8221;][et_pb_text _builder_version=&#8221;4.17.3&#8243; _module_preset=&#8221;default&#8221; header_2_font=&#8221;|600|||||||&#8221; header_2_text_color=&#8221;#A4814C&#8221; header_2_font_size=&#8221;32px&#8221; header_3_font=&#8221;|600|||||||&#8221; header_3_text_color=&#8221;#A4814C&#8221; header_3_font_size=&#8221;26px&#8221; global_colors_info=&#8221;{}&#8221;]<\/p>\n<h2>Economy single room with shared bathroom<\/h2>\n<p>&nbsp;<\/p>\n<p>[\/et_pb_text][\/et_pb_column][et_pb_column type=&#8221;3_5&#8243; _builder_version=&#8221;4.16&#8243; _module_preset=&#8221;default&#8221; global_colors_info=&#8221;{}&#8221;][et_pb_text _builder_version=&#8221;4.27.5&#8243; _module_preset=&#8221;default&#8221; header_3_font=&#8221;|600|||||||&#8221; header_3_text_color=&#8221;#A4814C&#8221; header_3_font_size=&#8221;26px&#8221; hover_enabled=&#8221;0&#8243; global_colors_info=&#8221;{}&#8221; sticky_enabled=&#8221;0&#8243;]<\/p>\n<table style=\"width: 100%; border-collapse: collapse; border-style: none; font-weight: bold;\" border=\"0\">\n<tbody>\n<tr>\n<td style=\"width: 33.333333333333336%;\"><span class=\"et-pb-icon top-icon first\">\ue08b<\/span> 1 adult<\/td>\n<td style=\"width: 33.333333333333336%;\"><span class=\"et-pb-icon top-icon\">\ue060<\/span> One single bed<\/td>\n<td style=\"width: 33.333333333333336%;\"><span class=\"et-pb-icon top-icon\">\ue07b<\/span> from 60,- \u20ac per night<\/td>\n<\/tr>\n<\/tbody>\n<\/table>\n<p>[\/et_pb_text][\/et_pb_column][\/et_pb_row][et_pb_row column_structure=&#8221;3_5,2_5&#8243; _builder_version=&#8221;4.16&#8243; _module_preset=&#8221;default&#8221; border_color_bottom=&#8221;#A4814C&#8221; global_colors_info=&#8221;{}&#8221;][et_pb_column type=&#8221;3_5&#8243; _builder_version=&#8221;4.16&#8243; _module_preset=&#8221;default&#8221; global_colors_info=&#8221;{}&#8221;][et_pb_gallery gallery_ids=&#8221;4100,4104,4102,4106,4096,4098&#8243; fullwidth=&#8221;on&#8221; _builder_version=&#8221;4.19.4&#8243; _module_preset=&#8221;default&#8221; global_colors_info=&#8221;{}&#8221;][\/et_pb_gallery][\/et_pb_column][et_pb_column type=&#8221;2_5&#8243; _builder_version=&#8221;4.16&#8243; _module_preset=&#8221;default&#8221; global_colors_info=&#8221;{}&#8221;][et_pb_text _builder_version=&#8221;4.17.4&#8243; _module_preset=&#8221;default&#8221; header_3_font=&#8221;|600|||||||&#8221; header_3_text_color=&#8221;#A4814C&#8221; header_3_font_size=&#8221;26px&#8221; global_colors_info=&#8221;{}&#8221;]<\/p>\n<h3>features<\/h3>\n<p><span class=\"et-pb-icon aus-icon\">N<\/span> 10 m\u00b2<br \/>N Flat-screen TV<br \/>N Free WiFi<br \/>N Parking (public parking lot for a fee)<\/p>\n<p>[\/et_pb_text][et_pb_button button_url=&#8221;https:\/\/reservations.hotel-spider.com\/02858e5c4d365af2&#8243; url_new_window=&#8221;on&#8221; button_text=&#8221;Availability &amp; Booking&#8221; button_alignment=&#8221;center&#8221; _builder_version=&#8221;4.24.2&#8243; _module_preset=&#8221;default&#8221; custom_button=&#8221;on&#8221; button_text_color=&#8221;#A4814C&#8221; global_colors_info=&#8221;{}&#8221;][\/et_pb_button][et_pb_text _builder_version=&#8221;4.24.2&#8243; _module_preset=&#8221;default&#8221; text_text_color=&#8221;#0C0C0C&#8221; text_font_size=&#8221;12px&#8221; text_orientation=&#8221;center&#8221; custom_margin=&#8221;-25px||||false|false&#8221; global_module=&#8221;4534&#8243; saved_tabs=&#8221;all&#8221; global_colors_info=&#8221;{}&#8221;]<\/p>\n<p>Online direkt buchen, zahlen bei Ankunft. Gratis Stornierung bis 3 Tage vor Anreise. Kreditkarte n\u00f6tig.<\/p>\n<p>[\/et_pb_text][\/et_pb_column][\/et_pb_row][et_pb_row _builder_version=&#8221;4.16&#8243; _module_preset=&#8221;default&#8221; global_colors_info=&#8221;{}&#8221;][et_pb_column type=&#8221;4_4&#8243; _builder_version=&#8221;4.16&#8243; _module_preset=&#8221;default&#8221; global_colors_info=&#8221;{}&#8221;][et_pb_text _builder_version=&#8221;4.19.4&#8243; _module_preset=&#8221;default&#8221; global_colors_info=&#8221;{}&#8221;]<\/p>\n<h2 class=\"p1\"><span class=\"s1\">description<\/span><\/h2>\n<p>Our 4 economy single rooms are located on the second floor at the back of the hotel. Although the economy rooms do not have their own bathroom, they do have a washbasin, bathrobe and terry slippers. The small, simply furnished rooms with cozy sloping ceilings offer a comfortable box spring bed and a flat screen TV. Of course, the Teamaker is not missing here either. The shared bathroom with toilet is located on the same floor in a separate lockable room.<\/p>\n<p>If you are just looking for a small, cozy room to relax and sleep, then this room category is just right for you.<\/p>\n<p>[\/et_pb_text][\/et_pb_column][\/et_pb_row][et_pb_row column_structure=&#8221;1_3,1_3,1_3&#8243; _builder_version=&#8221;4.16&#8243; _module_preset=&#8221;default&#8221; global_colors_info=&#8221;{}&#8221;][et_pb_column type=&#8221;1_3&#8243; _builder_version=&#8221;4.16&#8243; _module_preset=&#8221;default&#8221; global_colors_info=&#8221;{}&#8221;][et_pb_text _builder_version=&#8221;4.16&#8243; _module_preset=&#8221;default&#8221; global_colors_info=&#8221;{}&#8221;]<\/p>\n<h3>Facilities<\/h3>\n<ul>\n<li>box spring bed<\/li>\n<li>writing desk<\/li>\n<li>wardrobe<\/li>\n<li>Teamaker<\/li>\n<li>free WiFi<\/li>\n<li>flat-screen TV<\/li>\n<li>Phone<\/li>\n<li>safe<\/li>\n<\/ul>\n<p>[\/et_pb_text][\/et_pb_column][et_pb_column type=&#8221;1_3&#8243; _builder_version=&#8221;4.16&#8243; _module_preset=&#8221;default&#8221; global_colors_info=&#8221;{}&#8221;][et_pb_text _builder_version=&#8221;4.17.3&#8243; _module_preset=&#8221;default&#8221; global_colors_info=&#8221;{}&#8221;]<\/p>\n<h3>bathroom<\/h3>\n<ul>\n<li>washbasin<\/li>\n<li>Single room without private bathroom\/toilet (shared bathroom)<\/li>\n<li>hair dryer<\/li>\n<\/ul>\n<p>[\/et_pb_text][\/et_pb_column][et_pb_column type=&#8221;1_3&#8243; _builder_version=&#8221;4.16&#8243; _module_preset=&#8221;default&#8221; global_colors_info=&#8221;{}&#8221;][et_pb_text _builder_version=&#8221;4.16&#8243; _module_preset=&#8221;default&#8221; global_colors_info=&#8221;{}&#8221;]<\/p>\n<h3>Smoking<\/h3>\n<ul>\n<li><span>Smoking is not permitted<\/span><\/li>\n<\/ul>\n<p>[\/et_pb_text][et_pb_text _builder_version=&#8221;4.16&#8243; _module_preset=&#8221;default&#8221; global_colors_info=&#8221;{}&#8221;]<\/p>\n<h3>Parking<\/h3>\n<ul>\n<li><span>Public parking is available nearby for a fee<\/span><\/li>\n<\/ul>\n<p>[\/et_pb_text][\/et_pb_column][\/et_pb_row][et_pb_row _builder_version=&#8221;4.16&#8243; _module_preset=&#8221;default&#8221; global_colors_info=&#8221;{}&#8221;][et_pb_column type=&#8221;4_4&#8243; _builder_version=&#8221;4.16&#8243; _module_preset=&#8221;default&#8221; global_colors_info=&#8221;{}&#8221;][et_pb_button button_url=&#8221;https:\/\/reservations.hotel-spider.com\/02858e5c4d365af2&#8243; url_new_window=&#8221;on&#8221; button_text=&#8221;Check availability and book now&#8221; button_alignment=&#8221;center&#8221; _builder_version=&#8221;4.24.2&#8243; _module_preset=&#8221;default&#8221; custom_button=&#8221;on&#8221; button_text_color=&#8221;#A4814C&#8221; global_colors_info=&#8221;{}&#8221;][\/et_pb_button][et_pb_code _builder_version=&#8221;4.27.4&#8243; _module_preset=&#8221;default&#8221; global_colors_info=&#8221;{}&#8221;]<script type=\"application\/ld+json\"><!-- [et_pb_line_break_holder] -->{<!-- [et_pb_line_break_holder] -->  \"@context\": \"https:\/\/schema.org\",<!-- [et_pb_line_break_holder] -->  \"@type\": \"HotelRoom\",<!-- [et_pb_line_break_holder] -->  \"@id\": \"https:\/\/www.klassik-altstadt-hotel.de\/economy-einzelzimmer\/#room\",<!-- [et_pb_line_break_holder] -->  \"name\": \"Economy Einzelzimmer mit Gemeinschaftsbad\",<!-- [et_pb_line_break_holder] -->  \"description\": \"Die kleinen, gem\u00fctlichen Economy Einzelzimmer des Klassik Altstadt Hotel L\u00fcbeck befinden sich im hinteren Teil des Hauses. Die 10 m\u00b2 gro\u00dfen Zimmer verf\u00fcgen \u00fcber Boxspringbett, Teamaker, Flachbild-TV, Schreibtisch und kostenfreies WLAN. Ein Waschbecken befindet sich im Zimmer, w\u00e4hrend das Gemeinschaftsbad mit Dusche und WC auf derselben Etage liegt.\",<!-- [et_pb_line_break_holder] --><!-- [et_pb_line_break_holder] -->  \"bed\": \"Ein Einzelbett\",<!-- [et_pb_line_break_holder] --><!-- [et_pb_line_break_holder] -->  \"occupancy\": {<!-- [et_pb_line_break_holder] -->    \"@type\": \"QuantitativeValue\",<!-- [et_pb_line_break_holder] -->    \"value\": 1,<!-- [et_pb_line_break_holder] -->    \"unitCode\": \"C62\"<!-- [et_pb_line_break_holder] -->  },<!-- [et_pb_line_break_holder] --><!-- [et_pb_line_break_holder] -->  \"amenityFeature\": [<!-- [et_pb_line_break_holder] -->    {\"@type\":\"LocationFeatureSpecification\",\"name\":\"10 m\u00b2\",\"value\":true},<!-- [et_pb_line_break_holder] -->    {\"@type\":\"LocationFeatureSpecification\",\"name\":\"Waschbecken im Zimmer\",\"value\":true},<!-- [et_pb_line_break_holder] -->    {\"@type\":\"LocationFeatureSpecification\",\"name\":\"Gemeinschaftsbad auf derselben Etage\",\"value\":true},<!-- [et_pb_line_break_holder] -->    {\"@type\":\"LocationFeatureSpecification\",\"name\":\"Flachbild-TV\",\"value\":true},<!-- [et_pb_line_break_holder] -->    {\"@type\":\"LocationFeatureSpecification\",\"name\":\"Teamaker\",\"value\":true},<!-- [et_pb_line_break_holder] -->    {\"@type\":\"LocationFeatureSpecification\",\"name\":\"Schreibtisch\",\"value\":true},<!-- [et_pb_line_break_holder] -->    {\"@type\":\"LocationFeatureSpecification\",\"name\":\"Kleiderschrank\",\"value\":true},<!-- [et_pb_line_break_holder] -->    {\"@type\":\"LocationFeatureSpecification\",\"name\":\"Safe\",\"value\":true},<!-- [et_pb_line_break_holder] -->    {\"@type\":\"LocationFeatureSpecification\",\"name\":\"Kostenfreies WLAN\",\"value\":true},<!-- [et_pb_line_break_holder] -->    {\"@type\":\"LocationFeatureSpecification\",\"name\":\"Telefon\",\"value\":true},<!-- [et_pb_line_break_holder] -->    {\"@type\":\"LocationFeatureSpecification\",\"name\":\"Haartrockner\",\"value\":true},<!-- [et_pb_line_break_holder] -->    {\"@type\":\"LocationFeatureSpecification\",\"name\":\"Rauchfrei\",\"value\":true},<!-- [et_pb_line_break_holder] -->    {\"@type\":\"LocationFeatureSpecification\",\"name\":\"\u00d6ffentlicher Parkplatz gegen Geb\u00fchr\",\"value\":true}<!-- [et_pb_line_break_holder] -->  ],<!-- [et_pb_line_break_holder] --><!-- [et_pb_line_break_holder] -->  \"image\": [<!-- [et_pb_line_break_holder] -->    \"https:\/\/www.klassik-altstadt-hotel.de\/wp-content\/uploads\/economy-zimmer-3.jpg\",<!-- [et_pb_line_break_holder] -->    \"https:\/\/www.klassik-altstadt-hotel.de\/wp-content\/uploads\/economy-zimmer-5.jpg\",<!-- [et_pb_line_break_holder] -->    \"https:\/\/www.klassik-altstadt-hotel.de\/wp-content\/uploads\/economy-zimmer-1.jpg\"<!-- [et_pb_line_break_holder] -->  ],<!-- [et_pb_line_break_holder] --><!-- [et_pb_line_break_holder] -->  \"containedInPlace\": {<!-- [et_pb_line_break_holder] -->    \"@type\": \"Hotel\",<!-- [et_pb_line_break_holder] -->    \"@id\": \"https:\/\/www.klassik-altstadt-hotel.de\/#hotel\",<!-- [et_pb_line_break_holder] -->    \"name\": \"Klassik Altstadt Hotel\",<!-- [et_pb_line_break_holder] -->    \"image\": \"https:\/\/www.klassik-altstadt-hotel.de\/wp-content\/uploads\/suite-10.jpg\",<!-- [et_pb_line_break_holder] -->    \"telephone\": \"+49-451-702980\",<!-- [et_pb_line_break_holder] -->    \"priceRange\": \"\u20ac\u20ac\",<!-- [et_pb_line_break_holder] -->    \"address\": {<!-- [et_pb_line_break_holder] -->      \"@type\": \"PostalAddress\",<!-- [et_pb_line_break_holder] -->      \"streetAddress\": \"Fischergrube 52\",<!-- [et_pb_line_break_holder] -->      \"addressLocality\": \"L\u00fcbeck\",<!-- [et_pb_line_break_holder] -->      \"postalCode\": \"23552\",<!-- [et_pb_line_break_holder] -->      \"addressCountry\": \"DE\"<!-- [et_pb_line_break_holder] -->    }<!-- [et_pb_line_break_holder] -->  },<!-- [et_pb_line_break_holder] --><!-- [et_pb_line_break_holder] -->  \"subjectOf\": {<!-- [et_pb_line_break_holder] -->    \"@type\": \"Offer\",<!-- [et_pb_line_break_holder] -->    \"priceCurrency\": \"EUR\",<!-- [et_pb_line_break_holder] -->    \"price\": \"54\",<!-- [et_pb_line_break_holder] -->    \"priceSpecification\": {<!-- [et_pb_line_break_holder] -->      \"@type\": \"UnitPriceSpecification\",<!-- [et_pb_line_break_holder] -->      \"price\": 54,<!-- [et_pb_line_break_holder] -->      \"priceCurrency\": \"EUR\",<!-- [et_pb_line_break_holder] -->      \"unitText\": \"night\"<!-- [et_pb_line_break_holder] -->    },<!-- [et_pb_line_break_holder] -->    \"description\": \"Online buchbar, zahlen bei Ankunft. Gratis Stornierung bis 3 Tage vor Anreise. Kreditkarte n\u00f6tig.\",<!-- [et_pb_line_break_holder] -->    \"availability\": \"https:\/\/schema.org\/InStock\",<!-- [et_pb_line_break_holder] -->    \"validFrom\": \"2025-01-01\",<!-- [et_pb_line_break_holder] -->    \"url\": \"https:\/\/www.klassik-altstadt-hotel.de\/buchen\"<!-- [et_pb_line_break_holder] -->  }<!-- [et_pb_line_break_holder] -->}<!-- [et_pb_line_break_holder] --><\/script><!-- [et_pb_line_break_holder] -->[\/et_pb_code][et_pb_text _builder_version=&#8221;4.16&#8243; _module_preset=&#8221;default&#8221; text_font_size=&#8221;20px&#8221; text_orientation=&#8221;center&#8221; global_colors_info=&#8221;{}&#8221;]<strong>Or contact us by phone +49 451 70 29 80<\/strong>[\/et_pb_text][\/et_pb_column][\/et_pb_row][\/et_pb_section]<\/p>\n","protected":false},"excerpt":{"rendered":"<p>Economy single room with shared bathroom &nbsp; \ue08b 1 adult \ue060 One single bed \ue07b from 60,- \u20ac per night features N 10 m\u00b2N Flat-screen TVN Free WiFiN Parking (public parking lot for a fee)Online direkt buchen, zahlen bei Ankunft. Gratis Stornierung bis 3 Tage vor Anreise. Kreditkarte n\u00f6tig. description Our 4 economy single rooms [&hellip;]<\/p>\n","protected":false},"author":11,"featured_media":0,"parent":3609,"menu_order":0,"comment_status":"closed","ping_status":"closed","template":"","meta":{"_et_pb_use_builder":"on","_et_pb_old_content":"","_et_gb_content_width":"","footnotes":""},"class_list":["post-3638","page","type-page","status-publish","hentry"],"yoast_head":"<!-- This site is optimized with the Yoast SEO plugin v26.9 - https:\/\/yoast.com\/product\/yoast-seo-wordpress\/ -->\n<title>Budget-friendly single rooms in the Klassik Altstadt Hotel L\u00fcbeck<\/title>\n<meta name=\"description\" content=\"Budget-friendly single rooms with shared bathrooms. Book your L\u00fcbeck stay as a solo traveler now.\" \/>\n<meta name=\"robots\" content=\"index, follow, max-snippet:-1, max-image-preview:large, max-video-preview:-1\" \/>\n<link rel=\"canonical\" href=\"https:\/\/www.klassik-altstadt-hotel.de\/en\/rooms\/economy-single-room\/\" \/>\n<meta property=\"og:locale\" content=\"en_US\" \/>\n<meta property=\"og:type\" content=\"article\" \/>\n<meta property=\"og:title\" content=\"Budget-friendly single rooms in the Klassik Altstadt Hotel L\u00fcbeck\" \/>\n<meta property=\"og:description\" content=\"Budget-friendly single rooms with shared bathrooms. Book your L\u00fcbeck stay as a solo traveler now.\" \/>\n<meta property=\"og:url\" content=\"https:\/\/www.klassik-altstadt-hotel.de\/en\/rooms\/economy-single-room\/\" \/>\n<meta property=\"og:site_name\" content=\"Klassik Altstadt Hotel\" \/>\n<meta property=\"article:publisher\" content=\"https:\/\/www.facebook.com\/KlassikAltstadtHotel\/\" \/>\n<meta property=\"article:modified_time\" content=\"2026-01-11T20:23:37+00:00\" \/>\n<meta property=\"og:image\" content=\"https:\/\/www.klassik-altstadt-hotel.de\/wp-content\/uploads\/2019\/10\/klassik-altstadt-hotel-angebot-guenter-grass-suite.jpg\" \/>\n\t<meta property=\"og:image:width\" content=\"1260\" \/>\n\t<meta property=\"og:image:height\" content=\"840\" \/>\n\t<meta property=\"og:image:type\" content=\"image\/jpeg\" \/>\n<meta name=\"twitter:card\" content=\"summary_large_image\" \/>\n<meta name=\"twitter:label1\" content=\"Est. reading time\" \/>\n\t<meta name=\"twitter:data1\" content=\"4 minutes\" \/>\n<script type=\"application\/ld+json\" class=\"yoast-schema-graph\">{\"@context\":\"https:\/\/schema.org\",\"@graph\":[{\"@type\":\"WebPage\",\"@id\":\"https:\/\/www.klassik-altstadt-hotel.de\/en\/rooms\/economy-single-room\/\",\"url\":\"https:\/\/www.klassik-altstadt-hotel.de\/en\/rooms\/economy-single-room\/\",\"name\":\"Budget-friendly single rooms in the Klassik Altstadt Hotel L\u00fcbeck\",\"isPartOf\":{\"@id\":\"https:\/\/www.klassik-altstadt-hotel.de\/en\/#website\"},\"datePublished\":\"2022-05-11T09:28:06+00:00\",\"dateModified\":\"2026-01-11T20:23:37+00:00\",\"description\":\"Budget-friendly single rooms with shared bathrooms. Book your L\u00fcbeck stay as a solo traveler now.\",\"breadcrumb\":{\"@id\":\"https:\/\/www.klassik-altstadt-hotel.de\/en\/rooms\/economy-single-room\/#breadcrumb\"},\"inLanguage\":\"en-US\",\"potentialAction\":[{\"@type\":\"ReadAction\",\"target\":[\"https:\/\/www.klassik-altstadt-hotel.de\/en\/rooms\/economy-single-room\/\"]}]},{\"@type\":\"BreadcrumbList\",\"@id\":\"https:\/\/www.klassik-altstadt-hotel.de\/en\/rooms\/economy-single-room\/#breadcrumb\",\"itemListElement\":[{\"@type\":\"ListItem\",\"position\":1,\"name\":\"Startseite\",\"item\":\"https:\/\/www.klassik-altstadt-hotel.de\/en\/home-page\/\"},{\"@type\":\"ListItem\",\"position\":2,\"name\":\"Rooms\",\"item\":\"https:\/\/www.klassik-altstadt-hotel.de\/en\/rooms\/\"},{\"@type\":\"ListItem\",\"position\":3,\"name\":\"Economy single room\"}]},{\"@type\":\"WebSite\",\"@id\":\"https:\/\/www.klassik-altstadt-hotel.de\/en\/#website\",\"url\":\"https:\/\/www.klassik-altstadt-hotel.de\/en\/\",\"name\":\"Klassik Altstadt Hotel\",\"description\":\"Neues Leben hinter alten Fassaden\",\"publisher\":{\"@id\":\"https:\/\/www.klassik-altstadt-hotel.de\/en\/#organization\"},\"alternateName\":\"Klassik Altstadt Hotel L\u00fcbeck\",\"potentialAction\":[{\"@type\":\"SearchAction\",\"target\":{\"@type\":\"EntryPoint\",\"urlTemplate\":\"https:\/\/www.klassik-altstadt-hotel.de\/en\/?s={search_term_string}\"},\"query-input\":{\"@type\":\"PropertyValueSpecification\",\"valueRequired\":true,\"valueName\":\"search_term_string\"}}],\"inLanguage\":\"en-US\"},{\"@type\":\"Organization\",\"@id\":\"https:\/\/www.klassik-altstadt-hotel.de\/en\/#organization\",\"name\":\"Klassik Altstadt Hotel\",\"url\":\"https:\/\/www.klassik-altstadt-hotel.de\/en\/\",\"logo\":{\"@type\":\"ImageObject\",\"inLanguage\":\"en-US\",\"@id\":\"https:\/\/www.klassik-altstadt-hotel.de\/en\/#\/schema\/logo\/image\/\",\"url\":\"https:\/\/www.klassik-altstadt-hotel.de\/wp-content\/uploads\/2020\/11\/klassik-altstadt-hotel-logo-retina.png\",\"contentUrl\":\"https:\/\/www.klassik-altstadt-hotel.de\/wp-content\/uploads\/2020\/11\/klassik-altstadt-hotel-logo-retina.png\",\"width\":210,\"height\":176,\"caption\":\"Klassik Altstadt Hotel\"},\"image\":{\"@id\":\"https:\/\/www.klassik-altstadt-hotel.de\/en\/#\/schema\/logo\/image\/\"},\"sameAs\":[\"https:\/\/www.facebook.com\/KlassikAltstadtHotel\/\",\"https:\/\/www.instagram.com\/klassik.altstadt.hotel.luebeck\/\",\"https:\/\/www.youtube.com\/user\/KlassikAltstadtHotel\"]}]}<\/script>\n<!-- \/ Yoast SEO plugin. -->","yoast_head_json":{"title":"Budget-friendly single rooms in the Klassik Altstadt Hotel L\u00fcbeck","description":"Budget-friendly single rooms with shared bathrooms. Book your L\u00fcbeck stay as a solo traveler now.","robots":{"index":"index","follow":"follow","max-snippet":"max-snippet:-1","max-image-preview":"max-image-preview:large","max-video-preview":"max-video-preview:-1"},"canonical":"https:\/\/www.klassik-altstadt-hotel.de\/en\/rooms\/economy-single-room\/","og_locale":"en_US","og_type":"article","og_title":"Budget-friendly single rooms in the Klassik Altstadt Hotel L\u00fcbeck","og_description":"Budget-friendly single rooms with shared bathrooms. Book your L\u00fcbeck stay as a solo traveler now.","og_url":"https:\/\/www.klassik-altstadt-hotel.de\/en\/rooms\/economy-single-room\/","og_site_name":"Klassik Altstadt Hotel","article_publisher":"https:\/\/www.facebook.com\/KlassikAltstadtHotel\/","article_modified_time":"2026-01-11T20:23:37+00:00","og_image":[{"width":1260,"height":840,"url":"https:\/\/www.klassik-altstadt-hotel.de\/wp-content\/uploads\/2019\/10\/klassik-altstadt-hotel-angebot-guenter-grass-suite.jpg","type":"image\/jpeg"}],"twitter_card":"summary_large_image","twitter_misc":{"Est. reading time":"4 minutes"},"schema":{"@context":"https:\/\/schema.org","@graph":[{"@type":"WebPage","@id":"https:\/\/www.klassik-altstadt-hotel.de\/en\/rooms\/economy-single-room\/","url":"https:\/\/www.klassik-altstadt-hotel.de\/en\/rooms\/economy-single-room\/","name":"Budget-friendly single rooms in the Klassik Altstadt Hotel L\u00fcbeck","isPartOf":{"@id":"https:\/\/www.klassik-altstadt-hotel.de\/en\/#website"},"datePublished":"2022-05-11T09:28:06+00:00","dateModified":"2026-01-11T20:23:37+00:00","description":"Budget-friendly single rooms with shared bathrooms. Book your L\u00fcbeck stay as a solo traveler now.","breadcrumb":{"@id":"https:\/\/www.klassik-altstadt-hotel.de\/en\/rooms\/economy-single-room\/#breadcrumb"},"inLanguage":"en-US","potentialAction":[{"@type":"ReadAction","target":["https:\/\/www.klassik-altstadt-hotel.de\/en\/rooms\/economy-single-room\/"]}]},{"@type":"BreadcrumbList","@id":"https:\/\/www.klassik-altstadt-hotel.de\/en\/rooms\/economy-single-room\/#breadcrumb","itemListElement":[{"@type":"ListItem","position":1,"name":"Startseite","item":"https:\/\/www.klassik-altstadt-hotel.de\/en\/home-page\/"},{"@type":"ListItem","position":2,"name":"Rooms","item":"https:\/\/www.klassik-altstadt-hotel.de\/en\/rooms\/"},{"@type":"ListItem","position":3,"name":"Economy single room"}]},{"@type":"WebSite","@id":"https:\/\/www.klassik-altstadt-hotel.de\/en\/#website","url":"https:\/\/www.klassik-altstadt-hotel.de\/en\/","name":"Klassik Altstadt Hotel","description":"Neues Leben hinter alten Fassaden","publisher":{"@id":"https:\/\/www.klassik-altstadt-hotel.de\/en\/#organization"},"alternateName":"Klassik Altstadt Hotel L\u00fcbeck","potentialAction":[{"@type":"SearchAction","target":{"@type":"EntryPoint","urlTemplate":"https:\/\/www.klassik-altstadt-hotel.de\/en\/?s={search_term_string}"},"query-input":{"@type":"PropertyValueSpecification","valueRequired":true,"valueName":"search_term_string"}}],"inLanguage":"en-US"},{"@type":"Organization","@id":"https:\/\/www.klassik-altstadt-hotel.de\/en\/#organization","name":"Klassik Altstadt Hotel","url":"https:\/\/www.klassik-altstadt-hotel.de\/en\/","logo":{"@type":"ImageObject","inLanguage":"en-US","@id":"https:\/\/www.klassik-altstadt-hotel.de\/en\/#\/schema\/logo\/image\/","url":"https:\/\/www.klassik-altstadt-hotel.de\/wp-content\/uploads\/2020\/11\/klassik-altstadt-hotel-logo-retina.png","contentUrl":"https:\/\/www.klassik-altstadt-hotel.de\/wp-content\/uploads\/2020\/11\/klassik-altstadt-hotel-logo-retina.png","width":210,"height":176,"caption":"Klassik Altstadt Hotel"},"image":{"@id":"https:\/\/www.klassik-altstadt-hotel.de\/en\/#\/schema\/logo\/image\/"},"sameAs":["https:\/\/www.facebook.com\/KlassikAltstadtHotel\/","https:\/\/www.instagram.com\/klassik.altstadt.hotel.luebeck\/","https:\/\/www.youtube.com\/user\/KlassikAltstadtHotel"]}]}},"_links":{"self":[{"href":"https:\/\/www.klassik-altstadt-hotel.de\/en\/wp-json\/wp\/v2\/pages\/3638","targetHints":{"allow":["GET"]}}],"collection":[{"href":"https:\/\/www.klassik-altstadt-hotel.de\/en\/wp-json\/wp\/v2\/pages"}],"about":[{"href":"https:\/\/www.klassik-altstadt-hotel.de\/en\/wp-json\/wp\/v2\/types\/page"}],"author":[{"embeddable":true,"href":"https:\/\/www.klassik-altstadt-hotel.de\/en\/wp-json\/wp\/v2\/users\/11"}],"replies":[{"embeddable":true,"href":"https:\/\/www.klassik-altstadt-hotel.de\/en\/wp-json\/wp\/v2\/comments?post=3638"}],"version-history":[{"count":16,"href":"https:\/\/www.klassik-altstadt-hotel.de\/en\/wp-json\/wp\/v2\/pages\/3638\/revisions"}],"predecessor-version":[{"id":5009,"href":"https:\/\/www.klassik-altstadt-hotel.de\/en\/wp-json\/wp\/v2\/pages\/3638\/revisions\/5009"}],"up":[{"embeddable":true,"href":"https:\/\/www.klassik-altstadt-hotel.de\/en\/wp-json\/wp\/v2\/pages\/3609"}],"wp:attachment":[{"href":"https:\/\/www.klassik-altstadt-hotel.de\/en\/wp-json\/wp\/v2\/media?parent=3638"}],"curies":[{"name":"wp","href":"https:\/\/api.w.org\/{rel}","templated":true}]}}