{"id":3623,"date":"2022-05-10T20:07:44","date_gmt":"2022-05-10T18:07:44","guid":{"rendered":"https:\/\/www.klassik-altstadt-hotel.de\/rooms\/deluxe-double-room\/"},"modified":"2026-01-09T13:12:32","modified_gmt":"2026-01-09T12:12:32","slug":"deluxe-double-room","status":"publish","type":"page","link":"https:\/\/www.klassik-altstadt-hotel.de\/en\/rooms\/deluxe-double-room\/","title":{"rendered":"Deluxe double room"},"content":{"rendered":"<p>[et_pb_section fb_built=&#8221;1&#8243; fullwidth=&#8221;on&#8221; _builder_version=&#8221;4.17.3&#8243; _module_preset=&#8221;default&#8221; global_colors_info=&#8221;{}&#8221;][et_pb_fullwidth_header title=&#8221;@ET-DC@eyJkeW5hbWljIjp0cnVlLCJjb250ZW50IjoicG9zdF90aXRsZSIsInNldHRpbmdzIjp7ImJlZm9yZSI6IiIsImFmdGVyIjoiIn19@&#8221; background_overlay_color=&#8221;RGBA(255,255,255,0)&#8221; _builder_version=&#8221;4.19.4&#8243; _dynamic_attributes=&#8221;title&#8221; _module_preset=&#8221;default&#8221; title_font=&#8221;||||||||&#8221; title_text_align=&#8221;center&#8221; title_font_size=&#8221;45px&#8221; background_image=&#8221;https:\/\/www.klassik-altstadt-hotel.de\/wp-content\/uploads\/delux-doppelzimmer-4.jpg&#8221; height=&#8221;400px&#8221; custom_padding=&#8221;150px||||false|false&#8221; title_text_shadow_style=&#8221;preset1&#8243; global_colors_info=&#8221;{}&#8221;][\/et_pb_fullwidth_header][\/et_pb_section][et_pb_section fb_built=&#8221;1&#8243; _builder_version=&#8221;4.16&#8243; _module_preset=&#8221;default&#8221; global_colors_info=&#8221;{}&#8221;][et_pb_row column_structure=&#8221;2_5,3_5&#8243; _builder_version=&#8221;4.16&#8243; _module_preset=&#8221;default&#8221; global_colors_info=&#8221;{}&#8221;][et_pb_column type=&#8221;2_5&#8243; _builder_version=&#8221;4.16&#8243; _module_preset=&#8221;default&#8221; global_colors_info=&#8221;{}&#8221;][et_pb_text _builder_version=&#8221;4.17.3&#8243; _module_preset=&#8221;default&#8221; header_2_font=&#8221;|600|||||||&#8221; header_2_text_color=&#8221;#A4814C&#8221; header_2_font_size=&#8221;32px&#8221; header_3_font=&#8221;|600|||||||&#8221; header_3_text_color=&#8221;#A4814C&#8221; header_3_font_size=&#8221;26px&#8221; global_colors_info=&#8221;{}&#8221;]<\/p>\n<h2>Heinrich Mann &amp; Family Overbeck Room<\/h2>\n<p>&nbsp;<\/p>\n<p>[\/et_pb_text][\/et_pb_column][et_pb_column type=&#8221;3_5&#8243; _builder_version=&#8221;4.16&#8243; _module_preset=&#8221;default&#8221; global_colors_info=&#8221;{}&#8221;][et_pb_text _builder_version=&#8221;4.27.5&#8243; _module_preset=&#8221;default&#8221; header_3_font=&#8221;|600|||||||&#8221; header_3_text_color=&#8221;#A4814C&#8221; header_3_font_size=&#8221;26px&#8221; hover_enabled=&#8221;0&#8243; global_colors_info=&#8221;{}&#8221; sticky_enabled=&#8221;0&#8243;]<\/p>\n<table style=\"width: 100%; border-collapse: collapse; border-style: none; font-weight: bold;\" border=\"0\">\n<tbody>\n<tr>\n<td style=\"width: 33.333333333333336%;\"><span class=\"et-pb-icon top-icon first\">\ue08b<\/span> 2 persons<\/td>\n<td style=\"width: 33.333333333333336%;\"><span class=\"et-pb-icon top-icon\">\ue060<\/span> One large double bed<\/td>\n<td style=\"width: 33.333333333333336%;\"><span class=\"et-pb-icon top-icon\">\ue07b<\/span> from 160,- \u20ac per night<\/td>\n<\/tr>\n<\/tbody>\n<\/table>\n<p>[\/et_pb_text][\/et_pb_column][\/et_pb_row][et_pb_row column_structure=&#8221;3_5,2_5&#8243; _builder_version=&#8221;4.16&#8243; _module_preset=&#8221;default&#8221; border_color_bottom=&#8221;#A4814C&#8221; global_colors_info=&#8221;{}&#8221;][et_pb_column type=&#8221;3_5&#8243; _builder_version=&#8221;4.16&#8243; _module_preset=&#8221;default&#8221; global_colors_info=&#8221;{}&#8221;][et_pb_gallery gallery_ids=&#8221;4027,4033,4029,4031,4025,4023,4021,4035&#8243; fullwidth=&#8221;on&#8221; _builder_version=&#8221;4.19.4&#8243; _module_preset=&#8221;default&#8221; global_colors_info=&#8221;{}&#8221;][\/et_pb_gallery][\/et_pb_column][et_pb_column type=&#8221;2_5&#8243; _builder_version=&#8221;4.16&#8243; _module_preset=&#8221;default&#8221; global_colors_info=&#8221;{}&#8221;][et_pb_text _builder_version=&#8221;4.16&#8243; _module_preset=&#8221;default&#8221; header_3_font=&#8221;|600|||||||&#8221; header_3_text_color=&#8221;#A4814C&#8221; header_3_font_size=&#8221;26px&#8221; global_colors_info=&#8221;{}&#8221;]<\/p>\n<h3>features<\/h3>\n<p><span class=\"et-pb-icon aus-icon\">N<\/span> 25 m\u00b2<br \/><span class=\"et-pb-icon aus-icon\">N<\/span> Eigenes Badezimmer<br \/><span class=\"et-pb-icon aus-icon\">N<\/span> freistehende Badewanne<br \/><span class=\"et-pb-icon aus-icon\">N<\/span> Sitzecke<br \/><span class=\"et-pb-icon aus-icon\">N<\/span> Flachbild-TV<br \/><span class=\"et-pb-icon aus-icon\">N<\/span> Kostenfreies WLAN<br \/><span class=\"et-pb-icon aus-icon\">N<\/span> Parken (\u00f6ffentlicher Parkplatz)<\/p>\n<p>[\/et_pb_text][et_pb_button button_url=&#8221;https:\/\/reservations.hotel-spider.com\/02858e5c4d365af2&#8243; url_new_window=&#8221;on&#8221; button_text=&#8221;Availability &amp; Booking&#8221; button_alignment=&#8221;center&#8221; _builder_version=&#8221;4.24.2&#8243; _module_preset=&#8221;default&#8221; custom_button=&#8221;on&#8221; button_text_color=&#8221;#A4814C&#8221; global_colors_info=&#8221;{}&#8221;][\/et_pb_button][et_pb_text _builder_version=&#8221;4.24.2&#8243; _module_preset=&#8221;default&#8221; text_text_color=&#8221;#0C0C0C&#8221; text_font_size=&#8221;12px&#8221; text_orientation=&#8221;center&#8221; custom_margin=&#8221;-25px||||false|false&#8221; global_module=&#8221;4534&#8243; saved_tabs=&#8221;all&#8221; global_colors_info=&#8221;{}&#8221;]<\/p>\n<p>Online direkt buchen, zahlen bei Ankunft. Gratis Stornierung bis 3 Tage vor Anreise. Kreditkarte n\u00f6tig.<\/p>\n<p>[\/et_pb_text][\/et_pb_column][\/et_pb_row][et_pb_row _builder_version=&#8221;4.16&#8243; _module_preset=&#8221;default&#8221; global_colors_info=&#8221;{}&#8221;][et_pb_column type=&#8221;4_4&#8243; _builder_version=&#8221;4.16&#8243; _module_preset=&#8221;default&#8221; global_colors_info=&#8221;{}&#8221;][et_pb_text _builder_version=&#8221;4.17.3&#8243; _module_preset=&#8221;default&#8221; global_colors_info=&#8221;{}&#8221;]<\/p>\n<h2 class=\"p1\"><span class=\"s1\">description<\/span><\/h2>\n<p>Our two deluxe double rooms are each dedicated to a well-known personality from L\u00fcbeck: the Overbeck family and Heinrich Mann.<br \/>Johann Friedrich Overbeck was a painter, draftsman, and illustrator born in L\u00fcbeck. The artists&#8217; association Overbeck-Gesellschaft was founded here in L\u00fcbeck in his and his family&#8217;s honor. Heinrich Mann was always overshadowed by his younger brother Thomas Mann during his lifetime. Heinrich Mann&#8217;s novels have also become world famous.<\/p>\n<p>The spacious and lovingly furnished deluxe double rooms are bright and comfortable. The box spring bed and the seating area invite you to relax and linger. The modern bathroom impresses with its free-standing designer bathtub. Here you can take a break from everyday life. Of course, a shower, toilet and vanity are also part of the upscale amenities of the large bathroom.<\/p>\n<p style=\"font-weight: 400;\">The pictures shown above are examples of this room category. Each of our deluxe double rooms has its own character, but is of course furnished similarly.<\/p>\n<p>[\/et_pb_text][\/et_pb_column][\/et_pb_row][et_pb_row column_structure=&#8221;1_3,1_3,1_3&#8243; _builder_version=&#8221;4.16&#8243; _module_preset=&#8221;default&#8221; global_colors_info=&#8221;{}&#8221;][et_pb_column type=&#8221;1_3&#8243; _builder_version=&#8221;4.16&#8243; _module_preset=&#8221;default&#8221; global_colors_info=&#8221;{}&#8221;][et_pb_text _builder_version=&#8221;4.16&#8243; _module_preset=&#8221;default&#8221; global_colors_info=&#8221;{}&#8221;]<\/p>\n<h3>Facilities<\/h3>\n<ul>\n<li>box spring bed<\/li>\n<li>writing desk<\/li>\n<li>wardrobe<\/li>\n<li>seating area<\/li>\n<li>fridge<\/li>\n<li>Teamaker<\/li>\n<li>free WiFi<\/li>\n<li>flat-screen TV<\/li>\n<li>Phone<\/li>\n<li>safe<\/li>\n<\/ul>\n<p>[\/et_pb_text][\/et_pb_column][et_pb_column type=&#8221;1_3&#8243; _builder_version=&#8221;4.16&#8243; _module_preset=&#8221;default&#8221; global_colors_info=&#8221;{}&#8221;][et_pb_text _builder_version=&#8221;4.16&#8243; _module_preset=&#8221;default&#8221; global_colors_info=&#8221;{}&#8221;]<\/p>\n<h3>bathroom<\/h3>\n<ul>\n<li>freestanding bathtub<\/li>\n<li>shower\/toilet<\/li>\n<li>bathrobe<\/li>\n<li>terry slippers<\/li>\n<li>hair dryer<\/li>\n<\/ul>\n<p>[\/et_pb_text][\/et_pb_column][et_pb_column type=&#8221;1_3&#8243; _builder_version=&#8221;4.16&#8243; _module_preset=&#8221;default&#8221; global_colors_info=&#8221;{}&#8221;][et_pb_text _builder_version=&#8221;4.16&#8243; _module_preset=&#8221;default&#8221; global_colors_info=&#8221;{}&#8221;]<\/p>\n<h3>Smoking<\/h3>\n<ul>\n<li><span>Smoking is not permitted<\/span><\/li>\n<\/ul>\n<p>[\/et_pb_text][et_pb_text _builder_version=&#8221;4.16&#8243; _module_preset=&#8221;default&#8221; global_colors_info=&#8221;{}&#8221;]<\/p>\n<h3>Parking<\/h3>\n<ul>\n<li><span>Public parking is available nearby for a fee<\/span><\/li>\n<\/ul>\n<p>[\/et_pb_text][\/et_pb_column][\/et_pb_row][et_pb_row _builder_version=&#8221;4.16&#8243; _module_preset=&#8221;default&#8221; global_colors_info=&#8221;{}&#8221;][et_pb_column type=&#8221;4_4&#8243; _builder_version=&#8221;4.16&#8243; _module_preset=&#8221;default&#8221; global_colors_info=&#8221;{}&#8221;][et_pb_button button_url=&#8221;https:\/\/reservations.hotel-spider.com\/02858e5c4d365af2&#8243; url_new_window=&#8221;on&#8221; button_text=&#8221;Check availability and book now&#8221; button_alignment=&#8221;center&#8221; _builder_version=&#8221;4.24.2&#8243; _module_preset=&#8221;default&#8221; custom_button=&#8221;on&#8221; button_text_color=&#8221;#A4814C&#8221; global_colors_info=&#8221;{}&#8221;][\/et_pb_button][et_pb_code _builder_version=&#8221;4.27.4&#8243; _module_preset=&#8221;default&#8221; global_colors_info=&#8221;{}&#8221;]<script type=\"application\/ld+json\"><!-- [et_pb_line_break_holder] -->{<!-- [et_pb_line_break_holder] -->  \"@context\": \"https:\/\/schema.org\",<!-- [et_pb_line_break_holder] -->  \"@type\": \"HotelRoom\",<!-- [et_pb_line_break_holder] -->  \"@id\": \"https:\/\/www.klassik-altstadt-hotel.de\/deluxe-doppelzimmer\/#room\",<!-- [et_pb_line_break_holder] -->  \"name\": \"Deluxe Doppelzimmer \u2013 Heinrich Mann & Familie Overbeck Zimmer\",<!-- [et_pb_line_break_holder] -->  \"description\": \"Die ger\u00e4umigen Deluxe Doppelzimmer des Klassik Altstadt Hotel L\u00fcbeck sind bekannten L\u00fcbecker Pers\u00f6nlichkeiten wie Heinrich Mann und Familie Overbeck gewidmet. Die hell eingerichteten Zimmer bieten 25 m\u00b2, ein gro\u00dfes Doppelbett, eine gem\u00fctliche Sitzecke, kostenfreies WLAN, Flachbild-TV sowie ein modernes Badezimmer mit freistehender Designerbadewanne, Dusche und WC.\",<!-- [et_pb_line_break_holder] -->  <!-- [et_pb_line_break_holder] -->  \"bed\": \"Ein gro\u00dfes Doppelbett\",<!-- [et_pb_line_break_holder] --><!-- [et_pb_line_break_holder] -->  \"occupancy\": {<!-- [et_pb_line_break_holder] -->    \"@type\": \"QuantitativeValue\",<!-- [et_pb_line_break_holder] -->    \"value\": 2,<!-- [et_pb_line_break_holder] -->    \"unitCode\": \"C62\"<!-- [et_pb_line_break_holder] -->  },<!-- [et_pb_line_break_holder] --><!-- [et_pb_line_break_holder] -->  \"amenityFeature\": [<!-- [et_pb_line_break_holder] -->    {\"@type\":\"LocationFeatureSpecification\",\"name\":\"25 m\u00b2\",\"value\":true},<!-- [et_pb_line_break_holder] -->    {\"@type\":\"LocationFeatureSpecification\",\"name\":\"Eigenes Badezimmer\",\"value\":true},<!-- [et_pb_line_break_holder] -->    {\"@type\":\"LocationFeatureSpecification\",\"name\":\"Freistehende Badewanne\",\"value\":true},<!-- [et_pb_line_break_holder] -->    {\"@type\":\"LocationFeatureSpecification\",\"name\":\"Sitzecke\",\"value\":true},<!-- [et_pb_line_break_holder] -->    {\"@type\":\"LocationFeatureSpecification\",\"name\":\"Flachbild-TV\",\"value\":true},<!-- [et_pb_line_break_holder] -->    {\"@type\":\"LocationFeatureSpecification\",\"name\":\"Kostenfreies WLAN\",\"value\":true},<!-- [et_pb_line_break_holder] -->    {\"@type\":\"LocationFeatureSpecification\",\"name\":\"Teamaker\",\"value\":true},<!-- [et_pb_line_break_holder] -->    {\"@type\":\"LocationFeatureSpecification\",\"name\":\"K\u00fchlschrank\",\"value\":true},<!-- [et_pb_line_break_holder] -->    {\"@type\":\"LocationFeatureSpecification\",\"name\":\"Telefon\",\"value\":true},<!-- [et_pb_line_break_holder] -->    {\"@type\":\"LocationFeatureSpecification\",\"name\":\"Safe\",\"value\":true},<!-- [et_pb_line_break_holder] -->    {\"@type\":\"LocationFeatureSpecification\",\"name\":\"Bademantel & Frotteeslipper\",\"value\":true},<!-- [et_pb_line_break_holder] -->    {\"@type\":\"LocationFeatureSpecification\",\"name\":\"Haartrockner\",\"value\":true},<!-- [et_pb_line_break_holder] -->    {\"@type\":\"LocationFeatureSpecification\",\"name\":\"Rauchfrei\",\"value\":true},<!-- [et_pb_line_break_holder] -->    {\"@type\":\"LocationFeatureSpecification\",\"name\":\"\u00d6ffentlicher Parkplatz gegen Geb\u00fchr\",\"value\":true}<!-- [et_pb_line_break_holder] -->  ],<!-- [et_pb_line_break_holder] --><!-- [et_pb_line_break_holder] -->  \"image\": [<!-- [et_pb_line_break_holder] -->    \"https:\/\/www.klassik-altstadt-hotel.de\/wp-content\/uploads\/delux-doppelzimmer-4.jpg\",<!-- [et_pb_line_break_holder] -->    \"https:\/\/www.klassik-altstadt-hotel.de\/wp-content\/uploads\/delux-doppelzimmer-5.jpg\"<!-- [et_pb_line_break_holder] -->  ],<!-- [et_pb_line_break_holder] --><!-- [et_pb_line_break_holder] -->  \"containedInPlace\": {<!-- [et_pb_line_break_holder] -->    \"@type\": \"Hotel\",<!-- [et_pb_line_break_holder] -->    \"@id\": \"https:\/\/www.klassik-altstadt-hotel.de\/#hotel\",<!-- [et_pb_line_break_holder] -->    \"name\": \"Klassik Altstadt Hotel\",<!-- [et_pb_line_break_holder] -->    \"image\": \"https:\/\/www.klassik-altstadt-hotel.de\/wp-content\/uploads\/suite-10.jpg\",<!-- [et_pb_line_break_holder] -->    \"telephone\": \"+49-451-702980\",<!-- [et_pb_line_break_holder] -->    \"priceRange\": \"\u20ac\u20ac\",<!-- [et_pb_line_break_holder] -->    \"address\": {<!-- [et_pb_line_break_holder] -->      \"@type\": \"PostalAddress\",<!-- [et_pb_line_break_holder] -->      \"streetAddress\": \"Fischergrube 52\",<!-- [et_pb_line_break_holder] -->      \"addressLocality\": \"L\u00fcbeck\",<!-- [et_pb_line_break_holder] -->      \"postalCode\": \"23552\",<!-- [et_pb_line_break_holder] -->      \"addressCountry\": \"DE\"<!-- [et_pb_line_break_holder] -->    }<!-- [et_pb_line_break_holder] -->  },<!-- [et_pb_line_break_holder] --><!-- [et_pb_line_break_holder] -->  \"subjectOf\": {<!-- [et_pb_line_break_holder] -->    \"@type\": \"Offer\",<!-- [et_pb_line_break_holder] -->    \"priceCurrency\": \"EUR\",<!-- [et_pb_line_break_holder] -->    \"price\": \"142\",<!-- [et_pb_line_break_holder] -->    \"priceSpecification\": {<!-- [et_pb_line_break_holder] -->      \"@type\": \"UnitPriceSpecification\",<!-- [et_pb_line_break_holder] -->      \"price\": 142,<!-- [et_pb_line_break_holder] -->      \"priceCurrency\": \"EUR\",<!-- [et_pb_line_break_holder] -->      \"unitText\": \"night\"<!-- [et_pb_line_break_holder] -->    },<!-- [et_pb_line_break_holder] -->    \"description\": \"Online buchbar, zahlen bei Ankunft. Gratis Stornierung bis 3 Tage vor Anreise. Kreditkarte n\u00f6tig.\",<!-- [et_pb_line_break_holder] -->    \"availability\": \"https:\/\/schema.org\/InStock\",<!-- [et_pb_line_break_holder] -->    \"validFrom\": \"2025-01-01\",<!-- [et_pb_line_break_holder] -->    \"url\": \"https:\/\/www.klassik-altstadt-hotel.de\/buchen\"<!-- [et_pb_line_break_holder] -->  }<!-- [et_pb_line_break_holder] -->}<!-- [et_pb_line_break_holder] --><\/script><!-- [et_pb_line_break_holder] -->[\/et_pb_code][et_pb_text _builder_version=&#8221;4.16&#8243; _module_preset=&#8221;default&#8221; text_font_size=&#8221;20px&#8221; text_orientation=&#8221;center&#8221; global_colors_info=&#8221;{}&#8221;]<strong>Or contact us by phone +49 451 70 29 80<\/strong>[\/et_pb_text][\/et_pb_column][\/et_pb_row][\/et_pb_section]<\/p>\n","protected":false},"excerpt":{"rendered":"<p>Heinrich Mann &amp; Family Overbeck Room &nbsp; \ue08b 2 persons \ue060 One large double bed \ue07b from 160,- \u20ac per night features N 25 m\u00b2N Eigenes BadezimmerN freistehende BadewanneN SitzeckeN Flachbild-TVN Kostenfreies WLANN Parken (\u00f6ffentlicher Parkplatz)Online direkt buchen, zahlen bei Ankunft. Gratis Stornierung bis 3 Tage vor Anreise. Kreditkarte n\u00f6tig. description Our two deluxe double [&hellip;]<\/p>\n","protected":false},"author":11,"featured_media":0,"parent":3609,"menu_order":0,"comment_status":"closed","ping_status":"closed","template":"","meta":{"_et_pb_use_builder":"on","_et_pb_old_content":"","_et_gb_content_width":"","footnotes":""},"class_list":["post-3623","page","type-page","status-publish","hentry"],"yoast_head":"<!-- This site is optimized with the Yoast SEO plugin v26.9 - https:\/\/yoast.com\/product\/yoast-seo-wordpress\/ -->\n<title>Book an exclusive double room in the Klassik Altstadt Hotel L\u00fcbeck<\/title>\n<meta name=\"description\" content=\"Experience our exclusive double rooms in the Klassik Altstadt Hotel L\u00fcbeck. Book now and relax!\" \/>\n<meta name=\"robots\" content=\"index, follow, max-snippet:-1, max-image-preview:large, max-video-preview:-1\" \/>\n<link rel=\"canonical\" href=\"https:\/\/www.klassik-altstadt-hotel.de\/en\/rooms\/deluxe-double-room\/\" \/>\n<meta property=\"og:locale\" content=\"en_US\" \/>\n<meta property=\"og:type\" content=\"article\" \/>\n<meta property=\"og:title\" content=\"Book an exclusive double room in the Klassik Altstadt Hotel L\u00fcbeck\" \/>\n<meta property=\"og:description\" content=\"Experience our exclusive double rooms in the Klassik Altstadt Hotel L\u00fcbeck. Book now and relax!\" \/>\n<meta property=\"og:url\" content=\"https:\/\/www.klassik-altstadt-hotel.de\/en\/rooms\/deluxe-double-room\/\" \/>\n<meta property=\"og:site_name\" content=\"Klassik Altstadt Hotel\" \/>\n<meta property=\"article:publisher\" content=\"https:\/\/www.facebook.com\/KlassikAltstadtHotel\/\" \/>\n<meta property=\"article:modified_time\" content=\"2026-01-09T12:12:32+00:00\" \/>\n<meta property=\"og:image\" content=\"https:\/\/www.klassik-altstadt-hotel.de\/wp-content\/uploads\/2019\/10\/klassik-altstadt-hotel-angebot-guenter-grass-suite.jpg\" \/>\n\t<meta property=\"og:image:width\" content=\"1260\" \/>\n\t<meta property=\"og:image:height\" content=\"840\" \/>\n\t<meta property=\"og:image:type\" content=\"image\/jpeg\" \/>\n<meta name=\"twitter:card\" content=\"summary_large_image\" \/>\n<meta name=\"twitter:label1\" content=\"Est. reading time\" \/>\n\t<meta name=\"twitter:data1\" content=\"5 minutes\" \/>\n<script type=\"application\/ld+json\" class=\"yoast-schema-graph\">{\"@context\":\"https:\/\/schema.org\",\"@graph\":[{\"@type\":\"WebPage\",\"@id\":\"https:\/\/www.klassik-altstadt-hotel.de\/en\/rooms\/deluxe-double-room\/\",\"url\":\"https:\/\/www.klassik-altstadt-hotel.de\/en\/rooms\/deluxe-double-room\/\",\"name\":\"Book an exclusive double room in the Klassik Altstadt Hotel L\u00fcbeck\",\"isPartOf\":{\"@id\":\"https:\/\/www.klassik-altstadt-hotel.de\/en\/#website\"},\"datePublished\":\"2022-05-10T18:07:44+00:00\",\"dateModified\":\"2026-01-09T12:12:32+00:00\",\"description\":\"Experience our exclusive double rooms in the Klassik Altstadt Hotel L\u00fcbeck. Book now and relax!\",\"breadcrumb\":{\"@id\":\"https:\/\/www.klassik-altstadt-hotel.de\/en\/rooms\/deluxe-double-room\/#breadcrumb\"},\"inLanguage\":\"en-US\",\"potentialAction\":[{\"@type\":\"ReadAction\",\"target\":[\"https:\/\/www.klassik-altstadt-hotel.de\/en\/rooms\/deluxe-double-room\/\"]}]},{\"@type\":\"BreadcrumbList\",\"@id\":\"https:\/\/www.klassik-altstadt-hotel.de\/en\/rooms\/deluxe-double-room\/#breadcrumb\",\"itemListElement\":[{\"@type\":\"ListItem\",\"position\":1,\"name\":\"Startseite\",\"item\":\"https:\/\/www.klassik-altstadt-hotel.de\/en\/home-page\/\"},{\"@type\":\"ListItem\",\"position\":2,\"name\":\"Rooms\",\"item\":\"https:\/\/www.klassik-altstadt-hotel.de\/en\/rooms\/\"},{\"@type\":\"ListItem\",\"position\":3,\"name\":\"Deluxe double room\"}]},{\"@type\":\"WebSite\",\"@id\":\"https:\/\/www.klassik-altstadt-hotel.de\/en\/#website\",\"url\":\"https:\/\/www.klassik-altstadt-hotel.de\/en\/\",\"name\":\"Klassik Altstadt Hotel\",\"description\":\"Neues Leben hinter alten Fassaden\",\"publisher\":{\"@id\":\"https:\/\/www.klassik-altstadt-hotel.de\/en\/#organization\"},\"alternateName\":\"Klassik Altstadt Hotel L\u00fcbeck\",\"potentialAction\":[{\"@type\":\"SearchAction\",\"target\":{\"@type\":\"EntryPoint\",\"urlTemplate\":\"https:\/\/www.klassik-altstadt-hotel.de\/en\/?s={search_term_string}\"},\"query-input\":{\"@type\":\"PropertyValueSpecification\",\"valueRequired\":true,\"valueName\":\"search_term_string\"}}],\"inLanguage\":\"en-US\"},{\"@type\":\"Organization\",\"@id\":\"https:\/\/www.klassik-altstadt-hotel.de\/en\/#organization\",\"name\":\"Klassik Altstadt Hotel\",\"url\":\"https:\/\/www.klassik-altstadt-hotel.de\/en\/\",\"logo\":{\"@type\":\"ImageObject\",\"inLanguage\":\"en-US\",\"@id\":\"https:\/\/www.klassik-altstadt-hotel.de\/en\/#\/schema\/logo\/image\/\",\"url\":\"https:\/\/www.klassik-altstadt-hotel.de\/wp-content\/uploads\/2020\/11\/klassik-altstadt-hotel-logo-retina.png\",\"contentUrl\":\"https:\/\/www.klassik-altstadt-hotel.de\/wp-content\/uploads\/2020\/11\/klassik-altstadt-hotel-logo-retina.png\",\"width\":210,\"height\":176,\"caption\":\"Klassik Altstadt Hotel\"},\"image\":{\"@id\":\"https:\/\/www.klassik-altstadt-hotel.de\/en\/#\/schema\/logo\/image\/\"},\"sameAs\":[\"https:\/\/www.facebook.com\/KlassikAltstadtHotel\/\",\"https:\/\/www.instagram.com\/klassik.altstadt.hotel.luebeck\/\",\"https:\/\/www.youtube.com\/user\/KlassikAltstadtHotel\"]}]}<\/script>\n<!-- \/ Yoast SEO plugin. -->","yoast_head_json":{"title":"Book an exclusive double room in the Klassik Altstadt Hotel L\u00fcbeck","description":"Experience our exclusive double rooms in the Klassik Altstadt Hotel L\u00fcbeck. Book now and relax!","robots":{"index":"index","follow":"follow","max-snippet":"max-snippet:-1","max-image-preview":"max-image-preview:large","max-video-preview":"max-video-preview:-1"},"canonical":"https:\/\/www.klassik-altstadt-hotel.de\/en\/rooms\/deluxe-double-room\/","og_locale":"en_US","og_type":"article","og_title":"Book an exclusive double room in the Klassik Altstadt Hotel L\u00fcbeck","og_description":"Experience our exclusive double rooms in the Klassik Altstadt Hotel L\u00fcbeck. Book now and relax!","og_url":"https:\/\/www.klassik-altstadt-hotel.de\/en\/rooms\/deluxe-double-room\/","og_site_name":"Klassik Altstadt Hotel","article_publisher":"https:\/\/www.facebook.com\/KlassikAltstadtHotel\/","article_modified_time":"2026-01-09T12:12:32+00:00","og_image":[{"width":1260,"height":840,"url":"https:\/\/www.klassik-altstadt-hotel.de\/wp-content\/uploads\/2019\/10\/klassik-altstadt-hotel-angebot-guenter-grass-suite.jpg","type":"image\/jpeg"}],"twitter_card":"summary_large_image","twitter_misc":{"Est. reading time":"5 minutes"},"schema":{"@context":"https:\/\/schema.org","@graph":[{"@type":"WebPage","@id":"https:\/\/www.klassik-altstadt-hotel.de\/en\/rooms\/deluxe-double-room\/","url":"https:\/\/www.klassik-altstadt-hotel.de\/en\/rooms\/deluxe-double-room\/","name":"Book an exclusive double room in the Klassik Altstadt Hotel L\u00fcbeck","isPartOf":{"@id":"https:\/\/www.klassik-altstadt-hotel.de\/en\/#website"},"datePublished":"2022-05-10T18:07:44+00:00","dateModified":"2026-01-09T12:12:32+00:00","description":"Experience our exclusive double rooms in the Klassik Altstadt Hotel L\u00fcbeck. Book now and relax!","breadcrumb":{"@id":"https:\/\/www.klassik-altstadt-hotel.de\/en\/rooms\/deluxe-double-room\/#breadcrumb"},"inLanguage":"en-US","potentialAction":[{"@type":"ReadAction","target":["https:\/\/www.klassik-altstadt-hotel.de\/en\/rooms\/deluxe-double-room\/"]}]},{"@type":"BreadcrumbList","@id":"https:\/\/www.klassik-altstadt-hotel.de\/en\/rooms\/deluxe-double-room\/#breadcrumb","itemListElement":[{"@type":"ListItem","position":1,"name":"Startseite","item":"https:\/\/www.klassik-altstadt-hotel.de\/en\/home-page\/"},{"@type":"ListItem","position":2,"name":"Rooms","item":"https:\/\/www.klassik-altstadt-hotel.de\/en\/rooms\/"},{"@type":"ListItem","position":3,"name":"Deluxe double room"}]},{"@type":"WebSite","@id":"https:\/\/www.klassik-altstadt-hotel.de\/en\/#website","url":"https:\/\/www.klassik-altstadt-hotel.de\/en\/","name":"Klassik Altstadt Hotel","description":"Neues Leben hinter alten Fassaden","publisher":{"@id":"https:\/\/www.klassik-altstadt-hotel.de\/en\/#organization"},"alternateName":"Klassik Altstadt Hotel L\u00fcbeck","potentialAction":[{"@type":"SearchAction","target":{"@type":"EntryPoint","urlTemplate":"https:\/\/www.klassik-altstadt-hotel.de\/en\/?s={search_term_string}"},"query-input":{"@type":"PropertyValueSpecification","valueRequired":true,"valueName":"search_term_string"}}],"inLanguage":"en-US"},{"@type":"Organization","@id":"https:\/\/www.klassik-altstadt-hotel.de\/en\/#organization","name":"Klassik Altstadt Hotel","url":"https:\/\/www.klassik-altstadt-hotel.de\/en\/","logo":{"@type":"ImageObject","inLanguage":"en-US","@id":"https:\/\/www.klassik-altstadt-hotel.de\/en\/#\/schema\/logo\/image\/","url":"https:\/\/www.klassik-altstadt-hotel.de\/wp-content\/uploads\/2020\/11\/klassik-altstadt-hotel-logo-retina.png","contentUrl":"https:\/\/www.klassik-altstadt-hotel.de\/wp-content\/uploads\/2020\/11\/klassik-altstadt-hotel-logo-retina.png","width":210,"height":176,"caption":"Klassik Altstadt Hotel"},"image":{"@id":"https:\/\/www.klassik-altstadt-hotel.de\/en\/#\/schema\/logo\/image\/"},"sameAs":["https:\/\/www.facebook.com\/KlassikAltstadtHotel\/","https:\/\/www.instagram.com\/klassik.altstadt.hotel.luebeck\/","https:\/\/www.youtube.com\/user\/KlassikAltstadtHotel"]}]}},"_links":{"self":[{"href":"https:\/\/www.klassik-altstadt-hotel.de\/en\/wp-json\/wp\/v2\/pages\/3623","targetHints":{"allow":["GET"]}}],"collection":[{"href":"https:\/\/www.klassik-altstadt-hotel.de\/en\/wp-json\/wp\/v2\/pages"}],"about":[{"href":"https:\/\/www.klassik-altstadt-hotel.de\/en\/wp-json\/wp\/v2\/types\/page"}],"author":[{"embeddable":true,"href":"https:\/\/www.klassik-altstadt-hotel.de\/en\/wp-json\/wp\/v2\/users\/11"}],"replies":[{"embeddable":true,"href":"https:\/\/www.klassik-altstadt-hotel.de\/en\/wp-json\/wp\/v2\/comments?post=3623"}],"version-history":[{"count":12,"href":"https:\/\/www.klassik-altstadt-hotel.de\/en\/wp-json\/wp\/v2\/pages\/3623\/revisions"}],"predecessor-version":[{"id":4981,"href":"https:\/\/www.klassik-altstadt-hotel.de\/en\/wp-json\/wp\/v2\/pages\/3623\/revisions\/4981"}],"up":[{"embeddable":true,"href":"https:\/\/www.klassik-altstadt-hotel.de\/en\/wp-json\/wp\/v2\/pages\/3609"}],"wp:attachment":[{"href":"https:\/\/www.klassik-altstadt-hotel.de\/en\/wp-json\/wp\/v2\/media?parent=3623"}],"curies":[{"name":"wp","href":"https:\/\/api.w.org\/{rel}","templated":true}]}}